{"id":2124,"date":"2025-12-08T15:45:40","date_gmt":"2025-12-08T15:45:40","guid":{"rendered":"https:\/\/icen.travelblox.eu\/?page_id=2124"},"modified":"2026-04-14T09:25:01","modified_gmt":"2026-04-14T09:25:01","slug":"4x4","status":"publish","type":"page","link":"https:\/\/icen.travelblox.eu\/fr\/4x4\/","title":{"rendered":"4&#215;4"},"content":{"rendered":"\n<div class=\" tb-quoteparallax tb-block align-center background-dark pattern-none variant-text_on_image\" id=\"quoteparallax\" style=\"background-image: url('https:\/\/icen.travelblox.eu\/wp-content\/uploads\/sites\/114\/2024\/12\/Copy-of-Siliquini_NordicNomads_Iceland_2023-0322-e1765285681999.jpg');\">\n\t\t<div class=\"inner-block tb-fade-in tb-fade-in--subtle\">\n\t\t\t\t\t<div class=\"text-part\">\n\t\t\t\t<h2>Explorer l&rsquo;Islande en 4&#215;4 avec tente de toit <\/h2>\n\t\t\t\t\t\t<div class=\"translation-block\"><\/div>\n\t\t\t\t\t\t\t\t\t\t<div class=\"tb-buttons-part\">\n\t\t\t\t\t\t\t\t<a href=\"https:\/\/icelandnomads.com\/fr\/#join\"  target=\"\" class=\"tb-button\">\n\t\t\tPartir en Islande en 2026\t\t<\/a>\n\t\t\t\t\t\t\t\t\t\t\t\t\t<\/div>\n\t\t\t\t\t\t\t<\/div>\n\t\t\t\t\t<\/div>\n<\/div>\n\n\n\n<div class=\" tb-textimage1 tb-block align-center background-light pattern-none variant-none tb-collapsible-margins\" id=\"textimage1\">\n\t<div class=\"inner-block tb-fade-in tb-fade-in--subtle\">\n\n\t\t\n\t\t<div class=\"text-part\">\n\t\t\t<h2><\/h2>\n\t\t\t\t\t<div class=\"translation-block\"><\/div>\n\t\t\t<\/div>\n\t<\/div>\n\t<div class=\"inner-block\">\n\t\t\t\t\t\t\t\t<\/div>\n\t<div class=\"inner-block tb-fade-in tb-fade-in--subtle\">\n\t\t<div class=\"text-part\">\n\t\t\t\t\t<div class=\"translation-block\"><p>Le 4&#215;4 avec tente de toit est <strong>l&rsquo;option signature<\/strong> d&rsquo;Iceland Nomads pour votre road trip en Islande. Con\u00e7u pour les aventuriers qui veulent d\u00e9couvrir l&rsquo;\u00eele en toute libert\u00e9, ce <strong>v\u00e9hicule tout-terrain<\/strong> vous permet d&rsquo;acc\u00e9der aux pistes des Hautes Terres et de dormir sous les \u00e9toiles, au plus pr\u00e8s de la nature islandaise.<\/p>\n<p>Notre formule <strong>combine l&rsquo;aventure et le confort<\/strong> : un 4&#215;4 pour explorer les routes mythiques d&rsquo;Islande et une tente de toit spacieuse pour passer des nuits confortables avec vue sur les paysages. La tente se d\u00e9ploie en quelques minutes et vous offre un vrai lit double avec matelas confortable.<\/p>\n<p>Si vous cherchez <strong>l&rsquo;exp\u00e9rience authentique<\/strong> du road trip en Islande avec acc\u00e8s aux routes de montagne et aux sites les plus recul\u00e9s, le 4&#215;4 avec tente de toit est fait pour vous. D\u00e9couvrez toutes les caract\u00e9ristiques ci-dessous.<\/p><\/div>\n\t\t\t\t<div class=\"tb-buttons-part\">\n\t\t\t\t\t\t<a href=\"#features\"  target=\"\" class=\"tb-button\">\n\t\t\tD\u00e9couvrir les caract\u00e9ristiques\t\t<\/a>\n\t\t\t\t\t\t\t\t<a href=\"https:\/\/icelandnomads.com\/fr\/#join\"  target=\"\" class=\"tb-buttonlink\">\n\t\t\tR\u00e9servez votre voyage\t\t<\/a>\n\t\t\t\t\t<\/div>\n\t\t<\/div>\n\t<\/div>\n<\/div>\n\n\n<div class=\" tb-textimage2 tb-block align-left background-light pattern-default variant-image_first tb-collapsible-margins\" id=\"textimage2\">\n\t<div class=\"inner-block tb-fade-in\">\n\n\t\t\n\t\t<div class=\"tb-columns\">\n\t\t\t<div class=\"tb-column\">\n\t\t\t\t<div class=\"tb-text-part\">\n\t\t\t\t\t<h2>Inclus dans la location<\/h2>\n\t\t\t\t\t\t\t<div class=\"translation-block\"><\/div>\n\t\t\t\t\t\t\t\t\t\t\t\t<ul class=\"icon-list\">\n\t\t\t\t\t\t\t\t\t\t\t\t\t\t\t<li>\t\t\t\t<i class=\"icon fa-solid fa-route \" aria-hidden=\"true\"><\/i>\n\t\t\t Kilom\u00e9trage illimit\u00e9<\/li>\n\t\t\t\t\t\t\t\t\t\t\t\t\t\t\t<li>\t\t\t\t<i class=\"icon fa-solid fa-car \" aria-hidden=\"true\"><\/i>\n\t\t\t Acc\u00e8s aux routes F<\/li>\n\t\t\t\t\t\t\t\t\t\t\t\t\t\t\t<li>\t\t\t\t<i class=\"icon fa-solid fa-campground \" aria-hidden=\"true\"><\/i>\n\t\t\t Campings r\u00e9serv\u00e9s pour vous \u00e0 l&rsquo;avance<\/li>\n\t\t\t\t\t\t\t\t\t\t\t\t\t\t\t<li>\t\t\t\t<i class=\"icon fa-solid fa-book \" aria-hidden=\"true\"><\/i>\n\t\t\t Carnet de route d\u00e9taill\u00e9 avec itin\u00e9raire et conseils<\/li>\n\t\t\t\t\t\t\t\t\t\t\t\t\t\t\t<li>\t\t\t\t<i class=\"icon fa-solid fa-map \" aria-hidden=\"true\"><\/i>\n\t\t\t Application mobile avec carte interactive<\/li>\n\t\t\t\t\t\t\t\t\t\t\t\t\t\t\t<li>\t\t\t\t<i class=\"icon fa-solid fa-bed \" aria-hidden=\"true\"><\/i>\n\t\t\t Mat\u00e9riel de couchage : matelas, sac de couchage, oreillers<\/li>\n\t\t\t\t\t\t\t\t\t\t\t\t\t\t\t<li>\t\t\t\t<i class=\"icon fa-kit fa-tb-icon-fire \" aria-hidden=\"true\"><\/i>\n\t\t\t Mat\u00e9riel de camping : une table et des tabourets<\/li>\n\t\t\t\t\t\t\t\t\t\t\t\t\t\t\t<li>\t\t\t\t<i class=\"icon fa-regular fa-plate-utensils \" aria-hidden=\"true\"><\/i>\n\t\t\t Mat\u00e9riel de cuisine : po\u00eale, ustensiles, gazini\u00e8re, &#8230;<\/li>\n\t\t\t\t\t\t\t\t\t\t\t\t\t\t\t<li>\t\t\t\t<i class=\"icon fa-solid fa-user-group \" aria-hidden=\"true\"><\/i>\n\t\t\t Briefing complet par une \u00e9quipe francophone<\/li>\n\t\t\t\t\t\t\t\t\t\t\t\t\t\t\t<li>\t\t\t\t<i class=\"icon fa-solid fa-phone \" aria-hidden=\"true\"><\/i>\n\t\t\t Assistance pendant votre voyage<\/li>\n\t\t\t\t\t\t\t\t\t\t\t\t\t<\/ul>\n\t\t\t\t\t\t\t\t\t\t<div class=\"tb-buttons-part\">\n\t\t\t\t\t\t\t\t\t\t\t\t\t\t\t\t\t<\/div>\n\t\t\t\t<\/div>\n\t\t\t<\/div>\n\t\t\t<div class=\"tb-column\">\n\t\t\t\t\t\t\t\t\t\t\t\t\t\t\t<div class=\"tb-image-part\">\n\t\t\t\t\t\t\t<img src='https:\/\/icen.travelblox.eu\/wp-content\/uploads\/sites\/114\/2025\/10\/186-768x512.jpg' width='768' height='512' loading='lazy' image_size='medium_large'>\t\t\t\t\t\t<\/div>\n\t\t\t\t\t\t\t\t\t\t\t\t<\/div>\n\t\t<\/div>\n\t<\/div>\n<\/div>\n\n\n<div class=\" tb-textimage2 tb-block align-left background-light pattern-default variant-text_first tb-collapsible-margins\" id=\"features\">\n\t<div class=\"inner-block tb-fade-in\">\n\n\t\t\n\t\t<div class=\"tb-columns\">\n\t\t\t<div class=\"tb-column\">\n\t\t\t\t<div class=\"tb-text-part\">\n\t\t\t\t\t<h2>Caract\u00e9ristiques du 4&#215;4<\/h2>\n\t\t\t\t\t\t\t<div class=\"translation-block\"><\/div>\n\t\t\t\t\t\t\t\t\t\t\t\t<ul class=\"icon-list\">\n\t\t\t\t\t\t\t\t\t\t\t\t\t\t\t<li>\t\t\t\t<i class=\"icon fa-solid fa-car \" aria-hidden=\"true\"><\/i>\n\t\t\t 4&#215;4 adapt\u00e9 aux conditions islandaises<\/li>\n\t\t\t\t\t\t\t\t\t\t\t\t\t\t\t<li>\t\t\t\t<i class=\"icon fa-solid fa-car-on \" aria-hidden=\"true\"><\/i>\n\t\t\t Bo\u00eete manuelle<\/li>\n\t\t\t\t\t\t\t\t\t\t\t\t\t\t\t<li>\t\t\t\t<i class=\"icon fa-solid fa-tv \" aria-hidden=\"true\"><\/i>\n\t\t\t \u00c9cran multim\u00e9dia moderne (Car Play)<\/li>\n\t\t\t\t\t\t\t\t\t\t\t\t\t\t\t<li>\t\t\t\t<i class=\"icon fa-kit fa-tb-rooftop \" aria-hidden=\"true\"><\/i>\n\t\t\t Tente spacieuse pour 2 personnes<\/li>\n\t\t\t\t\t\t\t\t\t\t\t\t\t\t\t<li>\t\t\t\t<i class=\"icon fa-solid fa-tent \" aria-hidden=\"true\"><\/i>\n\t\t\t D\u00e9ploiement en quelques minutes<\/li>\n\t\t\t\t\t\t\t\t\t\t\t\t\t\t\t<li>\t\t\t\t<i class=\"icon fa-solid fa-bed \" aria-hidden=\"true\"><\/i>\n\t\t\t Matelas confortable int\u00e9gr\u00e9<\/li>\n\t\t\t\t\t\t\t\t\t\t\t\t\t\t\t<li>\t\t\t\t<i class=\"icon fa-solid fa-cloud-bolt \" aria-hidden=\"true\"><\/i>\n\t\t\t Protection contre le vent et la pluie<\/li>\n\t\t\t\t\t\t\t\t\t\t\t\t\t\t\t<li>\t\t\t\t<i class=\"icon fa-solid fa-mountain-sun \" aria-hidden=\"true\"><\/i>\n\t\t\t Vue panoramique sur les paysages<\/li>\n\t\t\t\t\t\t\t\t\t\t\t\t\t\t\t<li>\t\t\t\t<i class=\"icon fa-solid fa-bolt-lightning \" aria-hidden=\"true\"><\/i>\n\t\t\t Prises USB pour recharger vos appareils<\/li>\n\t\t\t\t\t\t\t\t\t\t\t\t\t<\/ul>\n\t\t\t\t\t\t\t\t\t\t<div class=\"tb-buttons-part\">\n\t\t\t\t\t\t\t\t<a href=\"https:\/\/icelandnomads.com\/fr\/#join\"  target=\"\" class=\"tb-button\">\n\t\t\tR\u00e9server ce 4&#215;4\t\t<\/a>\n\t\t\t\t\t\t\t\t\t\t<a href=\"https:\/\/icen.travelblox.eu\/van\/\"  target=\"\" class=\"tb-buttonlink\">\n\t\t\tJe pr\u00e9f\u00e8re le van am\u00e9nag\u00e9\t\t<\/a>\n\t\t\t\t\t\t\t<\/div>\n\t\t\t\t<\/div>\n\t\t\t<\/div>\n\t\t\t<div class=\"tb-column\">\n\t\t\t\t\t\t\t\t\t\t\t\t\t\t\t<div class=\"tb-image-part\">\n\t\t\t\t\t\t\t<img src='https:\/\/icen.travelblox.eu\/wp-content\/uploads\/sites\/114\/2025\/10\/145-768x512.jpg' width='768' height='512' loading='lazy' image_size='medium_large'>\t\t\t\t\t\t<\/div>\n\t\t\t\t\t\t\t\t\t\t\t\t<\/div>\n\t\t<\/div>\n\t<\/div>\n<\/div>\n\n\n<div class=\"hide-some tb-faq tb-block align-center background-light pattern-none variant-none tb-collapsible-margins\" id=\"items\">\n\t<div class=\"inner-block tb-fade-in tb-fade-in--subtle\">\n\t\t<div class=\"text-part\">\n\t\t\t<h2>\u00c9quipements inclus<\/h2>\n\t\t\t\t\t<div class=\"translation-block\"><\/div>\n\t\t\t<\/div>\n\t<\/div>\n\t<div class=\"inner-block\">\n\n\t\t\t\t\t<div class=\"faq-list tb-accordion tb-accordion--animation \">\n\t\t\t\t\t\t\t\t\t<details class=\"details\">\n\t\t\t\t\t\t<summary class=\"summary\"><div>Cuisine<\/div><\/summary>\n\t\t\t\t\t\t<div class=\"content text-part\">\n\t\t\t\t\t\t\t\t\t<div class=\"translation-block\"><ul>\n<li>R\u00e9chaud \u00e0 gaz<\/li>\n<li>Bouteilles de gaz<\/li>\n<li>Casserole et po\u00eale<\/li>\n<li>Assiettes, bols et tasses<\/li>\n<li>Foodpack (si option r\u00e9serv\u00e9e)<\/li>\n<\/ul><\/div>\n\t\t\t\t\t\t\t<\/div>\n\t\t\t\t\t<\/details>\n\t\t\t\t\t\t\t\t\t<details class=\"details\">\n\t\t\t\t\t\t<summary class=\"summary\"><div>Couchage<\/div><\/summary>\n\t\t\t\t\t\t<div class=\"content text-part\">\n\t\t\t\t\t\t\t\t\t<div class=\"translation-block\"><ul>\n<li>Matelas double (203 x 135 cm)<\/li>\n<li>Sac de couchage<\/li>\n<li>Oreillers<\/li>\n<li>Linge de lit ( si <a href=\"https:\/\/icelandnomads.com\/fr\/7-jours\/#options\">pack camping +<\/a> r\u00e9serv\u00e9)<\/li>\n<\/ul><\/div>\n\t\t\t\t\t\t\t<\/div>\n\t\t\t\t\t<\/details>\n\t\t\t\t\t\t\t\t\t<details class=\"details\">\n\t\t\t\t\t\t<summary class=\"summary\"><div>Ext\u00e9rieur<\/div><\/summary>\n\t\t\t\t\t\t<div class=\"content text-part\">\n\t\t\t\t\t\t\t\t\t<div class=\"translation-block\"><ul>\n<li>Table de camping<\/li>\n<li>Tabourets<\/li>\n<\/ul><\/div>\n\t\t\t\t\t\t\t<\/div>\n\t\t\t\t\t<\/details>\n\t\t\t\t\t\t\t<\/div>\n\t\t\t\t<div class=\"load-more-faqs-container\">\n\t\t\t<div class=\"load-more-faqs-link\">\n\t\t\t\t<a href=\"#\" class=\"tb-buttonlink-with-icon load-more\">\n\t\t\t\t\t<span>Montrer plus de FAQ<\/span>\n\t\t\t\t\t<i class=\"icon fa fa-plus\"><\/i>\n\t\t\t\t<\/a>\n\t\t\t\t<a href=\"#\" class=\"tb-buttonlink-with-icon load-less\">\n\t\t\t\t\t<span>Montrer moins de FAQ<\/span>\n\t\t\t\t\t<i class=\"icon fa fa-minus\"><\/i>\n\t\t\t\t<\/a>\n\t\t\t<\/div>\n\t\t<\/div>\n\t<\/div>\n\t<\/div>\n\n\n<div class=\" tb-colcompare tb-block align-center background-light pattern-none variant-cards tb-collapsible-margins\" id=\"colcompare\">\n\t<div class=\"inner-block tb-fade-in tb-fade-in--subtle\">\n\t\t<div class=\"text-part\">\n\t\t\t<h2>La tente de toit<\/h2>\n\t\t\t\t\t<div class=\"translation-block\"><\/div>\n\t\t\t<\/div>\n\t<\/div>\n\t\t\t\t\t<div class=\"inner-block-full-width has-tb-carousel tb-justified\" >\n\t\t\t<div class=\"tb-carousel-container\">\n\t\t\t\t<div class=\"entries tb-cards\" data-slider-first=\"1\">\n\t\t\t\t\t\t\t\t\t<div class=\"tb-card entry tb-fade-in tb-fade-in--subtle\">\n\t\t\t\t<div class=\"tb-image-part\">\n\t\t\t\t\t<img src='https:\/\/icen.travelblox.eu\/wp-content\/uploads\/sites\/114\/2025\/10\/88-768x512.jpg' width='768' height='512' loading='lazy' image_size='medium_large'>\t\t\t\t<\/div>\n\t\t\t\t<div class=\"tb-card-content text-part\">\n\t\t\t\t\t<h5> Installation rapide<\/h5>\n\t\t\t\t\t\t\t<div class=\"translation-block\"><p>La tente de toit se d\u00e9ploie en quelques minutes. Une fois install\u00e9e, vous acc\u00e9dez \u00e0 votre espace nuit confortable via une \u00e9chelle stable. Le matelas int\u00e9gr\u00e9 vous garantit des nuits reposantes.<\/p><\/div>\n\t\t\t\t\t\t<div class=\"tb-buttons-part\">\n\t\t\t\t\t\t\t\t\t\t\t<\/div>\n\t\t\t\t<\/div>\n\t\t\t<\/div>\n\t\t\t\t\t<div class=\"tb-card entry tb-fade-in tb-fade-in--subtle\">\n\t\t\t\t<div class=\"tb-image-part\">\n\t\t\t\t\t<img src='https:\/\/icen.travelblox.eu\/wp-content\/uploads\/sites\/114\/2025\/12\/ICEN26_WebsitePictures-4-768x512.jpg' width='768' height='512' alt='Inside of rooftop tent' loading='lazy' image_size='medium_large'>\t\t\t\t<\/div>\n\t\t\t\t<div class=\"tb-card-content text-part\">\n\t\t\t\t\t<h5> Protection et confort<\/h5>\n\t\t\t\t\t\t\t<div class=\"translation-block\"><p>La tente vous prot\u00e8ge du vent et de la pluie gr\u00e2ce \u00e0 sa conception robuste. Bien isol\u00e9e et spacieuse, elle vous garantit des nuits confortables quelles que soient les conditions m\u00e9t\u00e9o. Parfait pour vous reposer apr\u00e8s une journ\u00e9e d&rsquo;aventure sur les routes islandaises.<\/p><\/div>\n\t\t\t\t\t\t<div class=\"tb-buttons-part\">\n\t\t\t\t\t\t\t\t\t\t\t<\/div>\n\t\t\t\t<\/div>\n\t\t\t<\/div>\n\t\t\t\t\t\t\t\t<\/div>\n\t\t\t\t\t\t<div class=\"tb-carousel-nav\">\n\t\t\t<div class=\"dots\">\n\t\t\t\t<div class=\"dot active\"><\/div>\n\t\t\t\t<div class=\"dot\"><\/div>\n\t\t\t\t<div class=\"dot\"><\/div>\n\t\t\t<\/div>\n\t\t\t<div class=\"arrows\">\n\t\t\t\t<div class=\"prev disabled\">\n\t\t\t\t\t<span><i class=\"fa fa-chevron-left\"><\/i><\/span>\n\t\t\t\t<\/div>\n\t\t\t\t<div class=\"next\">\n\t\t\t\t\t<span><i class=\"fa fa-chevron-right\"><\/i><\/span>\n\t\t\t\t<\/div>\n\t\t\t<\/div>\n\t\t<\/div>\n\t\t\t\t<\/div>\n\t\t<\/div>\n\t\t\t\t\t<div class=\"inner-block\">\n\t\t\t<div class=\"text-part\">\n\t\t\t\t\t\t<div class=\"translation-block\"><\/div>\n\t\t\t\t\t<div class=\"tb-buttons-part\">\n\t\t\t\t\t\t\t<a href=\"http:\/\/icelandnomads.com\/fr\/#join\"  target=\"\" class=\"tb-button\">\n\t\t\tPartir en tente de toit en Islande\t\t<\/a>\n\t\t\t\t\t\t<\/div>\n\t\t\t<\/div>\n\t\t<\/div>\n\t<\/div>\n\n\n\n<div class=\" tb-quoteparallax tb-block align-center background-dark pattern-none variant-text_on_image\" id=\"quoteparallax-1\" style=\"background-image: url('https:\/\/travelbase.eu\/frontend_src\/tb20\/dist\/assets\/img\/header-home-2022.jpg');\">\n\t\t<div class=\"inner-block tb-fade-in tb-fade-in--subtle\">\n\t\t\t\t\t<div class=\"text-part\">\n\t\t\t\t<h2>Tente de toit ou van am\u00e9nag\u00e9 ?<\/h2>\n\t\t\t\t\t\t<div class=\"translation-block\"><p>Vous h\u00e9sitez encore entre les deux ? D\u00e9couvrez notre article de blog&nbsp;pour vous aider \u00e0 faire votre choix.<\/p><\/div>\n\t\t\t\t\t\t\t\t\t\t<div class=\"tb-buttons-part\">\n\t\t\t\t\t\t\t\t<a href=\"https:\/\/icen.travelblox.eu\/que-choisir-un-road-trip-en-islande-en-tente-de-toit-ou-un-road-trip-en-islande-en-van-amenage\/\"  target=\"_blank\" class=\"tb-button\">\n\t\t\tLire l&rsquo;article\t\t<\/a>\n\t\t\t\t\t\t\t\t\t\t\t\t\t<\/div>\n\t\t\t\t\t\t\t<\/div>\n\t\t\t\t\t<\/div>\n<\/div>\n\n\n\n<div class=\"hide-some tb-faq tb-block align-center background-light pattern-none variant-none tb-collapsible-margins\" id=\"faq\">\n\t<div class=\"inner-block tb-fade-in tb-fade-in--subtle\">\n\t\t<div class=\"text-part\">\n\t\t\t<h2>FAQ sur le 4&#215;4 avec tente de toit<\/h2>\n\t\t\t\t\t<div class=\"translation-block\"><\/div>\n\t\t\t<\/div>\n\t<\/div>\n\t<div class=\"inner-block\">\n\n\t\t\t\t\t<div class=\"faq-list tb-accordion tb-accordion--animation two-col\">\n\t\t\t\t\t\t\t\t\t<details class=\"details\">\n\t\t\t\t\t\t<summary class=\"summary\"><div>Puis-je acc\u00e9der aux pistes F-roads des Hautes Terres ?<\/div><\/summary>\n\t\t\t\t\t\t<div class=\"content text-part\">\n\t\t\t\t\t\t\t\t\t<div class=\"translation-block\"><p>Oui, le 4&#215;4 vous donne acc\u00e8s aux pistes de montagne et aux Hautes Terres islandaises, inaccessibles avec un v\u00e9hicule classique.<\/p><\/div>\n\t\t\t\t\t\t\t<\/div>\n\t\t\t\t\t<\/details>\n\t\t\t\t\t\t\t\t\t<details class=\"details\">\n\t\t\t\t\t\t<summary class=\"summary\"><div>Comment fonctionne l&rsquo;\u00e9lectricit\u00e9 ?<\/div><\/summary>\n\t\t\t\t\t\t<div class=\"content text-part\">\n\t\t\t\t\t\t\t\t\t<div class=\"translation-block\"><p>La batterie auxiliaire se recharge automatiquement quand vous roulez. Vous avez des ports USB pour recharger vos petits appareils.<\/p><\/div>\n\t\t\t\t\t\t\t<\/div>\n\t\t\t\t\t<\/details>\n\t\t\t\t\t\t\t\t\t<details class=\"details\">\n\t\t\t\t\t\t<summary class=\"summary\"><div>Est-ce difficile d&rsquo;installer la tente de toit ?<\/div><\/summary>\n\t\t\t\t\t\t<div class=\"content text-part\">\n\t\t\t\t\t\t\t\t\t<div class=\"translation-block\"><p>Non, la tente se d\u00e9ploie en quelques minutes. On vous explique tout lors du briefing avant votre d\u00e9part.<\/p><\/div>\n\t\t\t\t\t\t\t<\/div>\n\t\t\t\t\t<\/details>\n\t\t\t\t\t\t\t\t\t<details class=\"details\">\n\t\t\t\t\t\t<summary class=\"summary\"><div>O\u00f9 puis-je cuisiner ?<\/div><\/summary>\n\t\t\t\t\t\t<div class=\"content text-part\">\n\t\t\t\t\t\t\t\t\t<div class=\"translation-block\"><p>Vous cuisinez \u00e0 l&rsquo;ext\u00e9rieur avec le r\u00e9chaud \u00e0 gaz fourni. Installez-vous \u00e0 votre table de camping pour pr\u00e9parer vos repas en pleine nature. Certains campings disposent \u00e9galement d&rsquo;espaces int\u00e9rieurs couverts o\u00f9 vous pouvez cuisiner \u00e0 l&rsquo;abri.<\/p><\/div>\n\t\t\t\t\t\t\t<\/div>\n\t\t\t\t\t<\/details>\n\t\t\t\t\t\t\t\t\t<details class=\"details\">\n\t\t\t\t\t\t<summary class=\"summary\"><div>Combien de personnes peuvent dormir dans la tente ?<\/div><\/summary>\n\t\t\t\t\t\t<div class=\"content text-part\">\n\t\t\t\t\t\t\t\t\t<div class=\"translation-block\"><p>La tente de toit est con\u00e7ue pour deux personnes avec un lit double confortable. Les parents avec un jeune enfant peuvent \u00e9galement dormir dans la tente en pla\u00e7ant l&rsquo;enfant au milieu.<\/p><\/div>\n\t\t\t\t\t\t\t<\/div>\n\t\t\t\t\t<\/details>\n\t\t\t\t\t\t\t\t\t<details class=\"details\">\n\t\t\t\t\t\t<summary class=\"summary\"><div>Quelle est la diff\u00e9rence entre le 4&#215;4 avec tente de toit et le van am\u00e9nag\u00e9 ?<\/div><\/summary>\n\t\t\t\t\t\t<div class=\"content text-part\">\n\t\t\t\t\t\t\t\t\t<div class=\"translation-block\"><p>Le 4&#215;4 avec tente de toit vous donne acc\u00e8s aux pistes des Hautes Terres et vous rapproche de la nature avec une exp\u00e9rience camping authentique. Le van am\u00e9nag\u00e9 offre plus d&rsquo;espace int\u00e9rieur et de confort avec un lit accessible sans sortir. Les deux options sont parfaites pour d\u00e9couvrir l&rsquo;Islande, c&rsquo;est une question de pr\u00e9f\u00e9rence personnelle ! On a d&rsquo;ailleurs \u00e9crit <a href=\"https:\/\/icelandnomads.com\/fr\/que-choisir-un-road-trip-en-islande-en-tente-de-toit-ou-un-road-trip-en-islande-en-van-amenage\/\">un article de blog complet<\/a> pour vous aider \u00e0 faire votre choix.<\/p><\/div>\n\t\t\t\t\t\t\t<\/div>\n\t\t\t\t\t<\/details>\n\t\t\t\t\t\t\t<\/div>\n\t\t\t\t<div class=\"load-more-faqs-container\">\n\t\t\t<div class=\"load-more-faqs-link\">\n\t\t\t\t<a href=\"#\" class=\"tb-buttonlink-with-icon load-more\">\n\t\t\t\t\t<span>Montrer plus de FAQ<\/span>\n\t\t\t\t\t<i class=\"icon fa fa-plus\"><\/i>\n\t\t\t\t<\/a>\n\t\t\t\t<a href=\"#\" class=\"tb-buttonlink-with-icon load-less\">\n\t\t\t\t\t<span>Montrer moins de FAQ<\/span>\n\t\t\t\t\t<i class=\"icon fa fa-minus\"><\/i>\n\t\t\t\t<\/a>\n\t\t\t<\/div>\n\t\t<\/div>\n\t<\/div>\n\t<\/div>","protected":false},"excerpt":{"rendered":"","protected":false},"author":159,"featured_media":1336,"parent":0,"menu_order":0,"comment_status":"closed","ping_status":"closed","template":"","meta":{"_acf_changed":false,"inline_featured_image":false,"footnotes":""},"class_list":["post-2124","page","type-page","status-publish","has-post-thumbnail","hentry"],"acf":{"page_package_ids":"","is_main_package_page":false,"additional_linked_packages":[],"feed_page_to_atlas":true},"_links":{"self":[{"href":"https:\/\/icen.travelblox.eu\/fr\/wp-json\/wp\/v2\/pages\/2124","targetHints":{"allow":["GET"]}}],"collection":[{"href":"https:\/\/icen.travelblox.eu\/fr\/wp-json\/wp\/v2\/pages"}],"about":[{"href":"https:\/\/icen.travelblox.eu\/fr\/wp-json\/wp\/v2\/types\/page"}],"author":[{"embeddable":true,"href":"https:\/\/icen.travelblox.eu\/fr\/wp-json\/wp\/v2\/users\/159"}],"replies":[{"embeddable":true,"href":"https:\/\/icen.travelblox.eu\/fr\/wp-json\/wp\/v2\/comments?post=2124"}],"version-history":[{"count":31,"href":"https:\/\/icen.travelblox.eu\/fr\/wp-json\/wp\/v2\/pages\/2124\/revisions"}],"predecessor-version":[{"id":2674,"href":"https:\/\/icen.travelblox.eu\/fr\/wp-json\/wp\/v2\/pages\/2124\/revisions\/2674"}],"wp:featuredmedia":[{"embeddable":true,"href":"https:\/\/icen.travelblox.eu\/fr\/wp-json\/wp\/v2\/media\/1336"}],"wp:attachment":[{"href":"https:\/\/icen.travelblox.eu\/fr\/wp-json\/wp\/v2\/media?parent=2124"}],"curies":[{"name":"wp","href":"https:\/\/api.w.org\/{rel}","templated":true}]}}