{"id":2000,"date":"2025-12-08T15:06:01","date_gmt":"2025-12-08T15:06:01","guid":{"rendered":"https:\/\/icen.travelblox.eu\/?page_id=2000"},"modified":"2026-03-23T10:06:21","modified_gmt":"2026-03-23T10:06:21","slug":"van","status":"publish","type":"page","link":"https:\/\/icen.travelblox.eu\/fr\/van\/","title":{"rendered":"Van"},"content":{"rendered":"\n<div class=\" tb-quoteparallax tb-block align-center background-dark pattern-none variant-text_on_image\" id=\"quoteparallax\" style=\"background-image: url('https:\/\/icen.travelblox.eu\/wp-content\/uploads\/sites\/114\/2024\/12\/Copie-de-NN_Iceland22_SjoerdBracke_HR194-scaled.jpg');\">\n\t\t<div class=\"inner-block tb-fade-in tb-fade-in--subtle\">\n\t\t\t\t\t<div class=\"text-part\">\n\t\t\t\t<h2>D\u00e9couvrez le van am\u00e9nag\u00e9 pour explorer l&rsquo;Islande<\/h2>\n\t\t\t\t\t\t<div class=\"translation-block\"><\/div>\n\t\t\t\t\t\t\t\t\t\t<div class=\"tb-buttons-part\">\n\t\t\t\t\t\t\t\t<a href=\"https:\/\/icelandnomads.com\/fr\/#join\"  target=\"\" class=\"tb-button\">\n\t\t\tPartir en Islande en 2026\t\t<\/a>\n\t\t\t\t\t\t\t\t\t\t\t\t\t<\/div>\n\t\t\t\t\t\t\t<\/div>\n\t\t\t\t\t<\/div>\n<\/div>\n\n\n\n<div class=\" tb-textimage1 tb-block align-center background-light pattern-none variant-none tb-collapsible-margins\" id=\"textimage1\">\n\t<div class=\"inner-block tb-fade-in tb-fade-in--subtle\">\n\n\t\t\n\t\t<div class=\"text-part\">\n\t\t\t<h2><\/h2>\n\t\t\t\t\t<div class=\"translation-block\"><\/div>\n\t\t\t<\/div>\n\t<\/div>\n\t<div class=\"inner-block\">\n\t\t\t\t\t\t\t\t<\/div>\n\t<div class=\"inner-block tb-fade-in tb-fade-in--subtle\">\n\t\t<div class=\"text-part\">\n\t\t\t\t\t<div class=\"translation-block\"><p>Cette ann\u00e9e, Iceland Nomads lance une <strong>toute nouvelle option<\/strong> pour votre road trip en Islande : le van am\u00e9nag\u00e9. Con\u00e7u pour vous offrir un maximum de confort et d&rsquo;espace, ce van spacieux est parfait pour ceux qui veulent explorer l&rsquo;\u00eele, sans sortir du v\u00e9hicule.<\/p>\n<p>Notre \u00e9quipe a imagin\u00e9 un <strong>am\u00e9nagement moderne et fonctionnel<\/strong> pens\u00e9 pour votre confort. Le lit double se transforme en banquette confortable d&rsquo;un simple geste, et les grandes fen\u00eatres vous offrent une vue imprenable sur les paysages islandais depuis l&rsquo;int\u00e9rieur.<\/p>\n<p>Si vous cherchez un <strong>van am\u00e9nag\u00e9 de qualit\u00e9<\/strong> pour votre road trip en Islande, ne cherchez plus. D\u00e9couvrez toutes les caract\u00e9ristiques du van ci-dessous.<\/p>\n<p>&nbsp;<\/p><\/div>\n\t\t\t\t<div class=\"tb-buttons-part\">\n\t\t\t\t\t\t<a href=\"#features\"  target=\"\" class=\"tb-button\">\n\t\t\tD\u00e9couvrir les caract\u00e9ristiques\t\t<\/a>\n\t\t\t\t\t\t\t\t<a href=\"https:\/\/icelandnomads.com\/fr\/#join\"  target=\"\" class=\"tb-buttonlink\">\n\t\t\tR\u00e9servez votre voyage\t\t<\/a>\n\t\t\t\t\t<\/div>\n\t\t<\/div>\n\t<\/div>\n<\/div>\n\n\n<div class=\" tb-textimage2 tb-block align-left background-light pattern-default variant-image_first tb-collapsible-margins\" id=\"textimage2\">\n\t<div class=\"inner-block tb-fade-in\">\n\n\t\t\n\t\t<div class=\"tb-columns\">\n\t\t\t<div class=\"tb-column\">\n\t\t\t\t<div class=\"tb-text-part\">\n\t\t\t\t\t<h2>Inclus dans la location<\/h2>\n\t\t\t\t\t\t\t<div class=\"translation-block\"><\/div>\n\t\t\t\t\t\t\t\t\t\t\t\t<ul class=\"icon-list\">\n\t\t\t\t\t\t\t\t\t\t\t\t\t\t\t<li>\t\t\t\t<i class=\"icon fa-solid fa-route \" aria-hidden=\"true\"><\/i>\n\t\t\t Kilom\u00e9trage illimit\u00e9<\/li>\n\t\t\t\t\t\t\t\t\t\t\t\t\t\t\t<li>\t\t\t\t<i class=\"icon fa-solid fa-campground \" aria-hidden=\"true\"><\/i>\n\t\t\t Campings r\u00e9serv\u00e9s pour vous \u00e0 l&rsquo;avance<\/li>\n\t\t\t\t\t\t\t\t\t\t\t\t\t\t\t<li>\t\t\t\t<i class=\"icon fa-solid fa-book \" aria-hidden=\"true\"><\/i>\n\t\t\t Carnet de route d\u00e9taill\u00e9 avec itin\u00e9raire et conseils<\/li>\n\t\t\t\t\t\t\t\t\t\t\t\t\t\t\t<li>\t\t\t\t<i class=\"icon fa-solid fa-map \" aria-hidden=\"true\"><\/i>\n\t\t\t Application mobile avec carte interactive<\/li>\n\t\t\t\t\t\t\t\t\t\t\t\t\t\t\t<li>\t\t\t\t<i class=\"icon fa-solid fa-bed \" aria-hidden=\"true\"><\/i>\n\t\t\t Mat\u00e9riel de couchage : oreillers, couverture<\/li>\n\t\t\t\t\t\t\t\t\t\t\t\t\t\t\t<li>\t\t\t\t<i class=\"icon fa-kit fa-tb-icon-fire \" aria-hidden=\"true\"><\/i>\n\t\t\t Mat\u00e9riel de camping : une table et des chaises<\/li>\n\t\t\t\t\t\t\t\t\t\t\t\t\t\t\t<li>\t\t\t\t<i class=\"icon fa-regular fa-plate-utensils \" aria-hidden=\"true\"><\/i>\n\t\t\t Mat\u00e9riel de cuisine : po\u00eale, ustensiles, gazini\u00e8re, &#8230;<\/li>\n\t\t\t\t\t\t\t\t\t\t\t\t\t\t\t<li>\t\t\t\t<i class=\"icon fa-solid fa-user-group \" aria-hidden=\"true\"><\/i>\n\t\t\t Briefing complet par une \u00e9quipe francophone<\/li>\n\t\t\t\t\t\t\t\t\t\t\t\t\t\t\t<li>\t\t\t\t<i class=\"icon fa-solid fa-phone \" aria-hidden=\"true\"><\/i>\n\t\t\t Assistance pendant votre voyage<\/li>\n\t\t\t\t\t\t\t\t\t\t\t\t\t<\/ul>\n\t\t\t\t\t\t\t\t\t\t<div class=\"tb-buttons-part\">\n\t\t\t\t\t\t\t\t\t\t\t\t\t\t\t\t\t<\/div>\n\t\t\t\t<\/div>\n\t\t\t<\/div>\n\t\t\t<div class=\"tb-column\">\n\t\t\t\t\t\t\t\t\t\t\t\t\t\t\t<div class=\"tb-image-part\">\n\t\t\t\t\t\t\t<img src='https:\/\/icen.travelblox.eu\/wp-content\/uploads\/sites\/114\/2025\/12\/ICEN26_WebsitePictures-Grande-768x512.jpeg' width='768' height='512' alt='L&#039;Islande en van' loading='lazy' image_size='medium_large'>\t\t\t\t\t\t<\/div>\n\t\t\t\t\t\t\t\t\t\t\t\t<\/div>\n\t\t<\/div>\n\t<\/div>\n<\/div>\n\n\n<div class=\" tb-textimage2 tb-block align-left background-light pattern-default variant-text_first tb-collapsible-margins\" id=\"features\">\n\t<div class=\"inner-block tb-fade-in\">\n\n\t\t\n\t\t<div class=\"tb-columns\">\n\t\t\t<div class=\"tb-column\">\n\t\t\t\t<div class=\"tb-text-part\">\n\t\t\t\t\t<h2>Caract\u00e9ristiques du van<\/h2>\n\t\t\t\t\t\t\t<div class=\"translation-block\"><\/div>\n\t\t\t\t\t\t\t\t\t\t\t\t<ul class=\"icon-list\">\n\t\t\t\t\t\t\t\t\t\t\t\t\t\t\t<li>\t\t\t\t<i class=\"icon fa-solid fa-van-shuttle \" aria-hidden=\"true\"><\/i>\n\t\t\t Van spacieux Fiat Scudo L3<\/li>\n\t\t\t\t\t\t\t\t\t\t\t\t\t\t\t<li>\t\t\t\t<i class=\"icon fa-solid fa-car-on \" aria-hidden=\"true\"><\/i>\n\t\t\t Bo\u00eete manuelle ou automatique<\/li>\n\t\t\t\t\t\t\t\t\t\t\t\t\t\t\t<li>\t\t\t\t<i class=\"icon fa-solid fa-tv \" aria-hidden=\"true\"><\/i>\n\t\t\t \u00c9cran multim\u00e9dia moderne (Car Play)<\/li>\n\t\t\t\t\t\t\t\t\t\t\t\t\t\t\t<li>\t\t\t\t<i class=\"icon fa-solid fa-road \" aria-hidden=\"true\"><\/i>\n\t\t\t Cam\u00e9ra de recul<\/li>\n\t\t\t\t\t\t\t\t\t\t\t\t\t\t\t<li>\t\t\t\t<i class=\"icon fa-solid fa-fire \" aria-hidden=\"true\"><\/i>\n\t\t\t Syst\u00e8me de chauffage<\/li>\n\t\t\t\t\t\t\t\t\t\t\t\t\t\t\t<li>\t\t\t\t<i class=\"icon fa-solid fa-circle-notch \" aria-hidden=\"true\"><\/i>\n\t\t\t Lucarne avec ventilation \u00e9lectrique<\/li>\n\t\t\t\t\t\t\t\t\t\t\t\t\t\t\t<li>\t\t\t\t<i class=\"icon fa-solid fa-house-window \" aria-hidden=\"true\"><\/i>\n\t\t\t Fen\u00eatres ouvrantes<\/li>\n\t\t\t\t\t\t\t\t\t\t\t\t\t\t\t<li>\t\t\t\t<i class=\"icon fa-solid fa-sun \" aria-hidden=\"true\"><\/i>\n\t\t\t Rideaux occultants magn\u00e9tiques<\/li>\n\t\t\t\t\t\t\t\t\t\t\t\t\t\t\t<li>\t\t\t\t<i class=\"icon fa-solid fa-bolt-lightning \" aria-hidden=\"true\"><\/i>\n\t\t\t \u00c9clairage LED et lampes de lecture<\/li>\n\t\t\t\t\t\t\t\t\t\t\t\t\t<\/ul>\n\t\t\t\t\t\t\t\t\t\t<div class=\"tb-buttons-part\">\n\t\t\t\t\t\t\t\t<a href=\"https:\/\/icelandnomads.com\/fr\/#join\"  target=\"\" class=\"tb-button\">\n\t\t\tR\u00e9server ce van\t\t<\/a>\n\t\t\t\t\t\t\t\t\t\t<a href=\"https:\/\/icen.travelblox.eu\/4x4\/\"  target=\"\" class=\"tb-buttonlink\">\n\t\t\tJe pr\u00e9f\u00e8re le 4&#215;4 avec tente de toit\t\t<\/a>\n\t\t\t\t\t\t\t<\/div>\n\t\t\t\t<\/div>\n\t\t\t<\/div>\n\t\t\t<div class=\"tb-column\">\n\t\t\t\t\t\t\t\t\t\t\t\t\t\t\t<div class=\"tb-image-part\">\n\t\t\t\t\t\t\t<img src='https:\/\/icen.travelblox.eu\/wp-content\/uploads\/sites\/114\/2025\/12\/ICEN26_WebsitePictures-1-Grande-768x512.jpeg' width='768' height='512' loading='lazy' image_size='medium_large'>\t\t\t\t\t\t<\/div>\n\t\t\t\t\t\t\t\t\t\t\t\t<\/div>\n\t\t<\/div>\n\t<\/div>\n<\/div>\n\n\n<div class=\"hide-some tb-faq tb-block align-center background-light pattern-none variant-none tb-collapsible-margins\" id=\"items\">\n\t<div class=\"inner-block tb-fade-in tb-fade-in--subtle\">\n\t\t<div class=\"text-part\">\n\t\t\t<h2>\u00c9quipements inclus<\/h2>\n\t\t\t\t\t<div class=\"translation-block\"><\/div>\n\t\t\t<\/div>\n\t<\/div>\n\t<div class=\"inner-block\">\n\n\t\t\t\t\t<div class=\"faq-list tb-accordion tb-accordion--animation \">\n\t\t\t\t\t\t\t\t\t<details class=\"details\">\n\t\t\t\t\t\t<summary class=\"summary\"><div>Cuisine<\/div><\/summary>\n\t\t\t\t\t\t<div class=\"content text-part\">\n\t\t\t\t\t\t\t\t\t<div class=\"translation-block\"><ul>\n<li>R\u00e9chaud \u00e0 gaz + bouteilles<\/li>\n<li>R\u00e9frig\u00e9rateur 28L<\/li>\n<li>\u00c9vier avec eau courante<\/li>\n<li>R\u00e9servoir d&rsquo;eau propre 20L<\/li>\n<li>Table coulissante vers l&rsquo;ext\u00e9rieur<\/li>\n<li>Casserole et po\u00eale<\/li>\n<li>Couverts et ustensiles<\/li>\n<li>Assiettes, bols et tasses<\/li>\n<li>Planche \u00e0 d\u00e9couper<\/li>\n<\/ul><\/div>\n\t\t\t\t\t\t\t<\/div>\n\t\t\t\t\t<\/details>\n\t\t\t\t\t\t\t\t\t<details class=\"details\">\n\t\t\t\t\t\t<summary class=\"summary\"><div>Couchage<\/div><\/summary>\n\t\t\t\t\t\t<div class=\"content text-part\">\n\t\t\t\t\t\t\t\t\t<div class=\"translation-block\"><ul>\n<li>Lit double 135\u00d7195 cm avec matelas confortable<\/li>\n<li>Couverture<\/li>\n<li>Oreillers<\/li>\n<li>Linge de lit (si <a href=\"https:\/\/icelandnomads.com\/fr\/7-jours\/#options\" target=\"_blank\" rel=\"noopener\">pack camping +<\/a> r\u00e9serv\u00e9)<\/li>\n<\/ul><\/div>\n\t\t\t\t\t\t\t<\/div>\n\t\t\t\t\t<\/details>\n\t\t\t\t\t\t\t\t\t<details class=\"details\">\n\t\t\t\t\t\t<summary class=\"summary\"><div>\u00c9lectricit\u00e9<\/div><\/summary>\n\t\t\t\t\t\t<div class=\"content text-part\">\n\t\t\t\t\t\t\t\t\t<div class=\"translation-block\"><ul class=\"[&amp;:not(:last-child)_ul]:pb-1 [&amp;:not(:last-child)_ol]:pb-1 list-disc space-y-2.5 pl-7\">\n<li>Batterie lithium 100 Ah r\u00e9sistante au froid<\/li>\n<li>Alternateur (recharge en roulant)<\/li>\n<li>Prise 220V \u00e0 l&rsquo;int\u00e9rieur<\/li>\n<li>Ports de charge USB<\/li>\n<li>Chargeur 12V &amp; moniteur<\/li>\n<\/ul><\/div>\n\t\t\t\t\t\t\t<\/div>\n\t\t\t\t\t<\/details>\n\t\t\t\t\t\t\t\t\t<details class=\"details\">\n\t\t\t\t\t\t<summary class=\"summary\"><div>Ext\u00e9rieur<\/div><\/summary>\n\t\t\t\t\t\t<div class=\"content text-part\">\n\t\t\t\t\t\t\t\t\t<div class=\"translation-block\"><ul>\n<li>Table ext\u00e9rieure<\/li>\n<li>Chaises<\/li>\n<\/ul><\/div>\n\t\t\t\t\t\t\t<\/div>\n\t\t\t\t\t<\/details>\n\t\t\t\t\t\t\t<\/div>\n\t\t\t\t<div class=\"load-more-faqs-container\">\n\t\t\t<div class=\"load-more-faqs-link\">\n\t\t\t\t<a href=\"#\" class=\"tb-buttonlink-with-icon load-more\">\n\t\t\t\t\t<span>Montrer plus de FAQ<\/span>\n\t\t\t\t\t<i class=\"icon fa fa-plus\"><\/i>\n\t\t\t\t<\/a>\n\t\t\t\t<a href=\"#\" class=\"tb-buttonlink-with-icon load-less\">\n\t\t\t\t\t<span>Montrer moins de FAQ<\/span>\n\t\t\t\t\t<i class=\"icon fa fa-minus\"><\/i>\n\t\t\t\t<\/a>\n\t\t\t<\/div>\n\t\t<\/div>\n\t<\/div>\n\t<\/div>\n\n\n<div class=\" tb-colcompare tb-block align-center background-light pattern-none variant-cards tb-collapsible-margins\" id=\"colcompare\">\n\t<div class=\"inner-block tb-fade-in tb-fade-in--subtle\">\n\t\t<div class=\"text-part\">\n\t\t\t<h2>L&rsquo;am\u00e9nagement du van<\/h2>\n\t\t\t\t\t<div class=\"translation-block\"><\/div>\n\t\t\t<\/div>\n\t<\/div>\n\t\t\t\t\t<div class=\"inner-block-full-width has-tb-carousel tb-justified\" >\n\t\t\t<div class=\"tb-carousel-container\">\n\t\t\t\t<div class=\"entries tb-cards\" data-slider-first=\"1\">\n\t\t\t\t\t\t\t\t\t<div class=\"tb-card entry tb-fade-in tb-fade-in--subtle\">\n\t\t\t\t<div class=\"tb-image-part\">\n\t\t\t\t\t<img src='https:\/\/icen.travelblox.eu\/wp-content\/uploads\/sites\/114\/2025\/12\/1-768x512.jpg' width='768' height='512' loading='lazy' image_size='medium_large'>\t\t\t\t<\/div>\n\t\t\t\t<div class=\"tb-card-content text-part\">\n\t\t\t\t\t<h5> Configuration jour<\/h5>\n\t\t\t\t\t\t\t<div class=\"translation-block\"><p>Pendant la journ\u00e9e, le lit se transforme en banquette confortable. Installez-vous avec un livre, planifiez votre itin\u00e9raire ou admirez simplement le paysage par les fen\u00eatres.<\/p><\/div>\n\t\t\t\t\t\t<div class=\"tb-buttons-part\">\n\t\t\t\t\t\t\t\t\t\t\t<\/div>\n\t\t\t\t<\/div>\n\t\t\t<\/div>\n\t\t\t\t\t<div class=\"tb-card entry tb-fade-in tb-fade-in--subtle\">\n\t\t\t\t<div class=\"tb-image-part\">\n\t\t\t\t\t<img src='https:\/\/icen.travelblox.eu\/wp-content\/uploads\/sites\/114\/2025\/12\/6a189060-aae2-4c35-b749-e1f15a7cb787-Grande-768x428.jpeg' width='768' height='428' alt='Le tour de l&#039;Islande en van am\u00e9nag\u00e9' style='object-position:50% 50%' loading='lazy' image_size='medium_large'>\t\t\t\t<\/div>\n\t\t\t\t<div class=\"tb-card-content text-part\">\n\t\t\t\t\t<h5> Configuration nuit<\/h5>\n\t\t\t\t\t\t\t<div class=\"translation-block\"><p>Le soir, quelques minutes suffisent pour faire coulisser le cadre du lit et retrouver votre grand lit double de 140\u00d7200 cm. Le syst\u00e8me de chauffage garde l&rsquo;int\u00e9rieur douillet.<\/p><\/div>\n\t\t\t\t\t\t<div class=\"tb-buttons-part\">\n\t\t\t\t\t\t\t\t\t\t\t<\/div>\n\t\t\t\t<\/div>\n\t\t\t<\/div>\n\t\t\t\t\t\t\t\t<\/div>\n\t\t\t\t\t\t<div class=\"tb-carousel-nav\">\n\t\t\t<div class=\"dots\">\n\t\t\t\t<div class=\"dot active\"><\/div>\n\t\t\t\t<div class=\"dot\"><\/div>\n\t\t\t\t<div class=\"dot\"><\/div>\n\t\t\t<\/div>\n\t\t\t<div class=\"arrows\">\n\t\t\t\t<div class=\"prev disabled\">\n\t\t\t\t\t<span><i class=\"fa fa-chevron-left\"><\/i><\/span>\n\t\t\t\t<\/div>\n\t\t\t\t<div class=\"next\">\n\t\t\t\t\t<span><i class=\"fa fa-chevron-right\"><\/i><\/span>\n\t\t\t\t<\/div>\n\t\t\t<\/div>\n\t\t<\/div>\n\t\t\t\t<\/div>\n\t\t<\/div>\n\t\t\t\t\t<div class=\"inner-block\">\n\t\t\t<div class=\"text-part\">\n\t\t\t\t\t\t<div class=\"translation-block\"><\/div>\n\t\t\t\t\t<div class=\"tb-buttons-part\">\n\t\t\t\t\t\t\t<a href=\"http:\/\/icelandnomads.com\/fr\/#join\"  target=\"\" class=\"tb-button\">\n\t\t\tPartir en van en Islande\t\t<\/a>\n\t\t\t\t\t\t<\/div>\n\t\t\t<\/div>\n\t\t<\/div>\n\t<\/div>\n\n\n\n<div class=\" tb-quoteparallax tb-block align-center background-dark pattern-none variant-text_on_image\" id=\"quoteparallax-1\" style=\"background-image: url('https:\/\/travelbase.eu\/frontend_src\/tb20\/dist\/assets\/img\/header-home-2022.jpg');\">\n\t\t<div class=\"inner-block tb-fade-in tb-fade-in--subtle\">\n\t\t\t\t\t<div class=\"text-part\">\n\t\t\t\t<h2>Tente de toit ou van am\u00e9nag\u00e9 ?<\/h2>\n\t\t\t\t\t\t<div class=\"translation-block\"><p>Vous h\u00e9sitez encore entre les deux ? D\u00e9couvrez notre article de blog&nbsp;pour vous aider \u00e0 faire votre choix.<\/p><\/div>\n\t\t\t\t\t\t\t\t\t\t<div class=\"tb-buttons-part\">\n\t\t\t\t\t\t\t\t<a href=\"https:\/\/icen.travelblox.eu\/que-choisir-un-road-trip-en-islande-en-tente-de-toit-ou-un-road-trip-en-islande-en-van-amenage\/\"  target=\"_blank\" class=\"tb-button\">\n\t\t\tLire l&rsquo;article\t\t<\/a>\n\t\t\t\t\t\t\t\t\t\t\t\t\t<\/div>\n\t\t\t\t\t\t\t<\/div>\n\t\t\t\t\t<\/div>\n<\/div>\n\n\n\n<div class=\"hide-some tb-faq tb-block align-center background-light pattern-none variant-none tb-collapsible-margins\" id=\"faq\">\n\t<div class=\"inner-block tb-fade-in tb-fade-in--subtle\">\n\t\t<div class=\"text-part\">\n\t\t\t<h2>FAQ sur le van am\u00e9nag\u00e9<\/h2>\n\t\t\t\t\t<div class=\"translation-block\"><\/div>\n\t\t\t<\/div>\n\t<\/div>\n\t<div class=\"inner-block\">\n\n\t\t\t\t\t<div class=\"faq-list tb-accordion tb-accordion--animation two-col\">\n\t\t\t\t\t\t\t\t\t<details class=\"details\">\n\t\t\t\t\t\t<summary class=\"summary\"><div>Est-ce que je peux conduire le van avec un permis B classique ?<\/div><\/summary>\n\t\t\t\t\t\t<div class=\"content text-part\">\n\t\t\t\t\t\t\t\t\t<div class=\"translation-block\"><p>Oui, le van se conduit avec un permis B standard.<\/p><\/div>\n\t\t\t\t\t\t\t<\/div>\n\t\t\t\t\t<\/details>\n\t\t\t\t\t\t\t\t\t<details class=\"details\">\n\t\t\t\t\t\t<summary class=\"summary\"><div>Comment fonctionne la recharge de la batterie ?<\/div><\/summary>\n\t\t\t\t\t\t<div class=\"content text-part\">\n\t\t\t\t\t\t\t\t\t<div class=\"translation-block\"><p>La batterie se recharge automatiquement quand vous roulez gr\u00e2ce \u00e0 l&rsquo;alternateur. Vous pouvez aussi brancher le van sur une prise camping pour recharger ou alimenter directement vos appareils.<\/p><\/div>\n\t\t\t\t\t\t\t<\/div>\n\t\t\t\t\t<\/details>\n\t\t\t\t\t\t\t\t\t<details class=\"details\">\n\t\t\t\t\t\t<summary class=\"summary\"><div>Le syst\u00e8me de chauffage consomme-t-il beaucoup d&rsquo;\u00e9nergie ?<\/div><\/summary>\n\t\t\t\t\t\t<div class=\"content text-part\">\n\t\t\t\t\t\t\t\t\t<div class=\"translation-block\"><p>Le syst\u00e8me est con\u00e7u pour \u00eatre efficace. Combin\u00e9 avec la recharge en roulant et la prise camping, vous aurez assez d&rsquo;\u00e9nergie pour passer des nuits confortables.<\/p><\/div>\n\t\t\t\t\t\t\t<\/div>\n\t\t\t\t\t<\/details>\n\t\t\t\t\t\t\t\t\t<details class=\"details\">\n\t\t\t\t\t\t<summary class=\"summary\"><div>Puis-je cuisiner \u00e0 l&rsquo;int\u00e9rieur du van ?<\/div><\/summary>\n\t\t\t\t\t\t<div class=\"content text-part\">\n\t\t\t\t\t\t\t\t\t<div class=\"translation-block\"><p>Non, pour des raisons de s\u00e9curit\u00e9, la cuisine se fait \u00e0 l&rsquo;ext\u00e9rieur. Le van est \u00e9quip\u00e9 d&rsquo;une table coulissante sur laquelle vous installez votre r\u00e9chaud \u00e0 gaz pour cuisiner dehors.<\/p><\/div>\n\t\t\t\t\t\t\t<\/div>\n\t\t\t\t\t<\/details>\n\t\t\t\t\t\t\t\t\t<details class=\"details\">\n\t\t\t\t\t\t<summary class=\"summary\"><div>Combien de personnes peuvent dormir dans le van ?<\/div><\/summary>\n\t\t\t\t\t\t<div class=\"content text-part\">\n\t\t\t\t\t\t\t\t\t<div class=\"translation-block\"><p>Le van am\u00e9nag\u00e9 est con\u00e7u pour deux personnes avec un grand lit double confortable.<\/p><\/div>\n\t\t\t\t\t\t\t<\/div>\n\t\t\t\t\t<\/details>\n\t\t\t\t\t\t\t\t\t<details class=\"details\">\n\t\t\t\t\t\t<summary class=\"summary\"><div>Quelle est la diff\u00e9rence entre le van am\u00e9nag\u00e9 et le 4&#215;4 avec tente de toit ?<\/div><\/summary>\n\t\t\t\t\t\t<div class=\"content text-part\">\n\t\t\t\t\t\t\t\t\t<div class=\"translation-block\"><p>Le van offre plus d&rsquo;espace int\u00e9rieur et de confort avec un lit accessible sans sortir du v\u00e9hicule. Le 4&#215;4 avec tente de toit est plus compact et vous donne acc\u00e8s \u00e0 certaines pistes plus difficiles. Les deux options sont parfaites pour d\u00e9couvrir l&rsquo;Islande, c&rsquo;est une question de pr\u00e9f\u00e9rence personnelle ! On a d&rsquo;ailleurs \u00e9crit <a href=\"https:\/\/icelandnomads.com\/fr\/que-choisir-un-road-trip-en-islande-en-tente-de-toit-ou-un-road-trip-en-islande-en-van-amenage\/\">un article de blog complet<\/a> pour vous aider \u00e0 faire votre choix.<\/p><\/div>\n\t\t\t\t\t\t\t<\/div>\n\t\t\t\t\t<\/details>\n\t\t\t\t\t\t\t<\/div>\n\t\t\t\t<div class=\"load-more-faqs-container\">\n\t\t\t<div class=\"load-more-faqs-link\">\n\t\t\t\t<a href=\"#\" class=\"tb-buttonlink-with-icon load-more\">\n\t\t\t\t\t<span>Montrer plus de FAQ<\/span>\n\t\t\t\t\t<i class=\"icon fa fa-plus\"><\/i>\n\t\t\t\t<\/a>\n\t\t\t\t<a href=\"#\" class=\"tb-buttonlink-with-icon load-less\">\n\t\t\t\t\t<span>Montrer moins de FAQ<\/span>\n\t\t\t\t\t<i class=\"icon fa fa-minus\"><\/i>\n\t\t\t\t<\/a>\n\t\t\t<\/div>\n\t\t<\/div>\n\t<\/div>\n\t<\/div>","protected":false},"excerpt":{"rendered":"","protected":false},"author":159,"featured_media":1844,"parent":0,"menu_order":0,"comment_status":"closed","ping_status":"closed","template":"","meta":{"_acf_changed":false,"inline_featured_image":false,"footnotes":""},"class_list":["post-2000","page","type-page","status-publish","has-post-thumbnail","hentry"],"acf":{"page_package_ids":"","is_main_package_page":false,"additional_linked_packages":[],"feed_page_to_atlas":true},"_links":{"self":[{"href":"https:\/\/icen.travelblox.eu\/fr\/wp-json\/wp\/v2\/pages\/2000","targetHints":{"allow":["GET"]}}],"collection":[{"href":"https:\/\/icen.travelblox.eu\/fr\/wp-json\/wp\/v2\/pages"}],"about":[{"href":"https:\/\/icen.travelblox.eu\/fr\/wp-json\/wp\/v2\/types\/page"}],"author":[{"embeddable":true,"href":"https:\/\/icen.travelblox.eu\/fr\/wp-json\/wp\/v2\/users\/159"}],"replies":[{"embeddable":true,"href":"https:\/\/icen.travelblox.eu\/fr\/wp-json\/wp\/v2\/comments?post=2000"}],"version-history":[{"count":50,"href":"https:\/\/icen.travelblox.eu\/fr\/wp-json\/wp\/v2\/pages\/2000\/revisions"}],"predecessor-version":[{"id":2626,"href":"https:\/\/icen.travelblox.eu\/fr\/wp-json\/wp\/v2\/pages\/2000\/revisions\/2626"}],"wp:featuredmedia":[{"embeddable":true,"href":"https:\/\/icen.travelblox.eu\/fr\/wp-json\/wp\/v2\/media\/1844"}],"wp:attachment":[{"href":"https:\/\/icen.travelblox.eu\/fr\/wp-json\/wp\/v2\/media?parent=2000"}],"curies":[{"name":"wp","href":"https:\/\/api.w.org\/{rel}","templated":true}]}}