{"id":767,"date":"2025-09-17T08:37:33","date_gmt":"2025-09-17T08:37:33","guid":{"rendered":"https:\/\/icen.travelblox.eu\/?page_id=767"},"modified":"2026-05-04T15:20:40","modified_gmt":"2026-05-04T15:20:40","slug":"uber-uns","status":"publish","type":"page","link":"https:\/\/icen.travelblox.eu\/de\/uber-uns\/","title":{"rendered":"\u00dcber Iceland Nomads"},"content":{"rendered":"<div class=\"tb-header tb-block align-center background-dark pattern-none variant-none\" id=\"header\" data-fallback-background=\"https:\/\/icen.travelblox.eu\/wp-content\/uploads\/sites\/114\/2025\/01\/NN-ICE24_JurreBrauers_WEB-019.jpg\" style=\"background-image: url('https:\/\/icen.travelblox.eu\/wp-content\/uploads\/sites\/114\/2025\/01\/NN-ICE24_JurreBrauers_WEB-019.jpg'); background-position:;\">\n    <div class=\"tb-header-foreground\">\n        <div class=\"inner-block\">\n\n            <div class=\"main-part\">\n                <div class=\"text-part\">\n                                                                <h1 class=\"tb-title\">\u00dcber uns<\/h1>\n                                                                                                                                                                        <div class=\"average-reviews-wrapper\" data-reviews-redirect-url=\"\" data-embed-social-id=\"b0ff53b6da69c89beca10ef7bb76aa0ece1708fa\"><\/div>\n                                    <\/div>\n            <\/div>\n            \n                    <\/div>\n    <\/div>\n\n    \n    \n        <nav class=\"tb-header__subnav\">\n            <div class=\"inner-block\">\n                <div class=\"tb-header__pagename\">\n                    \u00dcber Iceland Nomads                <\/div>\n\n                <ul>\n                                            <li>\n                            <a href=\"#canada\">Der Roadtrip<\/a>\n                        <\/li>\n\n                                            <li>\n                            <a href=\"#team\">Das Team<\/a>\n                        <\/li>\n\n                                            <li>\n                            <a href=\"#reviews\">Die Bewertungen<\/a>\n                        <\/li>\n\n                    \n                                                <li class=\"tb-header__subnav_cta\">\n                                <a href=\"https:\/\/icelandnomads.com\/de\/\" class=\"tb-button\" >Roadtrip buchen<\/a>\n                            <\/li>\n                                    <\/ul>\n            <\/div>\n        <\/nav>\n\n    \n<\/div>\n\n\n<div class=\"tb-leadtext tb-block align-center background-light pattern-default variant-none tb-collapsible-margins\" id=\"leadtext\">\n\t<div class=\"inner-block tb-fade-in tb-fade-in--subtle\">\n\t\t<div class=\"text-part\">\n\t\t\t\t\t<div class=\"translation-block\"><p>Iceland Nomads geh\u00f6rt zur Familie <a href=\"https:\/\/travelbase.de\/\" target=\"_blank\"><strong>Travelbase<\/strong><\/a>, dem Spezialisten f\u00fcr einzigartige Reisen rund um die Welt. Seit 2010 schaffen wir <strong>ma\u00dfgeschneiderte Abenteuer<\/strong>, die Freiheit, Natur und authentische Entdeckungen vereinen.<\/p><p><strong>Unsere Mission?<\/strong> Das Abenteuer f\u00fcr alle zug\u00e4nglich zu machen. Wir wissen, dass die Planung eines Roadtrips in Island kompliziert erscheinen kann: die ideale Route planen, die besten Campingpl\u00e4tze finden, Aktivit\u00e4ten zum Bestpreis buchen, die geheimen Hotspots entdecken... Genau hier kommen wir ins Spiel.<\/p><p>Wir fahren jeden Kilometer unserer Routen selbst ab. Wir testen die Campingpl\u00e4tze, verhandeln die Preise und identifizieren die besten Zeiten, um jeden Ort zu besuchen. Das Ergebnis? <strong>Ein<\/strong> <strong>perfekt organisierter Roadtrip<\/strong>, bei dem du nur fahren und genie\u00dfen musst.<\/p><p>Du reist v\u00f6llig unabh\u00e4ngig und in deinem eigenen Tempo, aber mit der Sicherheit einer erprobten Route und der Unterst\u00fctzung unseres Teams, falls du Hilfe ben\u00f6tigst.<\/p><\/div>\n\t\t\t<\/div>\n\t<\/div>\n<\/div>\n\n\n\n<div class=\"tb-textimage2 tb-block align-left background-light pattern-none variant-text_first tb-collapsible-margins\" id=\"canada\">\n\t<div class=\"inner-block tb-fade-in\">\n\n\t\t\n\t\t<div class=\"tb-columns\">\n\t\t\t<div class=\"tb-column\">\n\t\t\t\t<div class=\"tb-text-part\">\n\t\t\t\t\t<h2>Warum Island?<\/h2>\n\t\t\t\t\t\t\t<div class=\"translation-block\"><p><a href=\"https:\/\/icelandnomads.com\/de\/\" target=\"_blank\">Iceland Nomads<\/a> ist ein unvergessliches Abenteuer von 7 oder 10 Tagen, das sorgf\u00e4ltig von <strong>einem Team aus abenteuerlustigen Reisenden und leidenschaftlichen Einheimischen<\/strong> zusammengestellt wurde, die eines gemeinsam haben: eine unbestreitbare Liebe zu Island. Wir haben unsere Erfahrungen geb\u00fcndelt, um die perfekte Reiseroute f\u00fcr dich zu erstellen. Von den <strong>Highlights<\/strong> bis zu den <strong>versteckten Juwelen<\/strong> \u2013 wir kennen das Ziel in- und auswendig und freuen uns darauf, dich auf die Erkundung mitzunehmen.<\/p><\/div>\n\t\t\t\t\t\t\t\t\t\t\t<div class=\"tb-buttons-part\">\n\t\t\t\t\t\t\t\t\t\t\t\t\t\t\t\t\t<\/div>\n\t\t\t\t<\/div>\n\t\t\t<\/div>\n\t\t\t<div class=\"tb-column\">\n\t\t\t\t\t\t\t\t\t\t\t\t\t\t\t<div class=\"tb-image-part\">\n\t\t\t\t\t\t\t<img src='https:\/\/icen.travelblox.eu\/wp-content\/uploads\/sites\/114\/2025\/10\/ICEN25-pro-203-768x512.jpg' width='768' height='512' loading='lazy' image_size='medium_large'>\t\t\t\t\t\t<\/div>\n\t\t\t\t\t\t\t\t\t\t\t\t<\/div>\n\t\t<\/div>\n\t<\/div>\n<\/div>\n\n\n<div class=\"tb-textimage2 tb-block align-left background-light pattern-none variant-image_first tb-collapsible-margins\" id=\"textimage2-1\">\n\t<div class=\"inner-block tb-fade-in\">\n\n\t\t\n\t\t<div class=\"tb-columns\">\n\t\t\t<div class=\"tb-column\">\n\t\t\t\t<div class=\"tb-text-part\">\n\t\t\t\t\t<h2>Unser Engagement<\/h2>\n\t\t\t\t\t\t\t<div class=\"translation-block\"><p>Wir glauben an <strong>verantwortungsvolles Reisen<\/strong>. Deshalb arbeiten wir mit lokalen Partnern zusammen, bieten \u00fcber Greentripper Optionen zur CO2-Kompensation an und f\u00f6rdern umweltfreundliche Praktiken w\u00e4hrend der gesamten Reise.<\/p><p>Wir sind <strong>transparent<\/strong> in Bezug auf unsere Preise. Keine versteckten Geb\u00fchren oder b\u00f6sen \u00dcberraschungen. Was du siehst, ist, was du zahlst.<\/p><p>Entdecke <a href=\"https:\/\/travelbase.de\/durabilite\/\" target=\"_blank\">alle Nachhaltigkeitsinitiativen von Travelbase<\/a>.<\/p><\/div>\n\t\t\t\t\t\t\t\t\t\t\t<div class=\"tb-buttons-part\">\n\t\t\t\t\t\t\t\t\t\t\t\t\t\t\t\t\t<\/div>\n\t\t\t\t<\/div>\n\t\t\t<\/div>\n\t\t\t<div class=\"tb-column\">\n\t\t\t\t\t\t\t\t\t\t\t\t\t\t\t<div class=\"tb-image-part\">\n\t\t\t\t\t\t\t<img src='https:\/\/icen.travelblox.eu\/wp-content\/uploads\/sites\/114\/2025\/10\/ICEN25-pro-291-768x512.jpg' width='768' height='512' loading='lazy' image_size='medium_large'>\t\t\t\t\t\t<\/div>\n\t\t\t\t\t\t\t\t\t\t\t\t<\/div>\n\t\t<\/div>\n\t<\/div>\n<\/div>\n\n\n<div class=\"tb-team tb-block align-center background-dark pattern-none variant-none tb-collapsible-margins\" id=\"team\">\n\t<div class=\"inner-block tb-fade-in tb-fade-in--subtle\">\n\t\t<div class=\"text-part\">\n\t\t\t<h2>Ein leidenschaftliches Team zu deinen Diensten<\/h2>\n\t\t\t\t\t<div class=\"translation-block\"><p>Neugierig darauf, die Gesichter hinter diesem Roadtrip kennenzulernen?&nbsp;<br><br>Hier sind unsere Reiseexperten:<\/p><\/div>\n\t\t\t<\/div>\n\t<\/div>\n\t\t\t\t\t<div class=\"inner-block-full-width has-tb-carousel\" >\n\t\t\t<div class=\"tb-carousel-container\">\n\t\t\t\t<div class=\"entries tb-cards\" data-slider-first=\"1\">\n\t\t\t\t\t\t\t\t\t<div class=\"tb-card entry\" style=\"background-image: url('https:\/\/icen.travelblox.eu\/wp-content\/uploads\/sites\/114\/2025\/07\/FannyD-45-819x1024.jpg')\">\n\t\t\t\t<label for=\"tb-team-read-more-block_s114__p767__team-0\" class=\"tb-team__card-label\">\n\t\t\t\t\t<div class=\"overlay\"><\/div>\n\t\t\t\t\t<div class=\"overlay overlay--extra\"><\/div>\n\t\t\t\t\t<div class=\"content\">\n\t\t\t\t\t\t<div class=\"tb-team__card-titles\">\n\t\t\t\t\t\t\t<h3>Fanny<\/h3>\n\t\t\t\t\t\t\t\t\t\t\t\t\t\t\t<p>organisiert deine Rundreise<\/p>\n\t\t\t\t\t\t\t\t\t\t\t\t\t<\/div>\n\t\t\t\t\t\t\t\t\t\t\t<\/div>\n\t\t\t\t\t<input type=\"checkbox\" class=\"tb-team__card-checkbox\" id=\"tb-team-read-more-block_s114__p767__team-0\">\n\t\t\t\t<\/label>\n\t\t\t<\/div>\n\t\t\t\t\t<div class=\"tb-card entry\" style=\"background-image: url('https:\/\/icen.travelblox.eu\/wp-content\/uploads\/sites\/114\/2025\/09\/SOPHIE-fade-819x1024.jpg')\">\n\t\t\t\t<label for=\"tb-team-read-more-block_s114__p767__team-1\" class=\"tb-team__card-label\">\n\t\t\t\t\t<div class=\"overlay\"><\/div>\n\t\t\t\t\t<div class=\"overlay overlay--extra\"><\/div>\n\t\t\t\t\t<div class=\"content\">\n\t\t\t\t\t\t<div class=\"tb-team__card-titles\">\n\t\t\t\t\t\t\t<h3>Sophie<\/h3>\n\t\t\t\t\t\t\t\t\t\t\t\t\t\t\t<p>sorgt f\u00fcr das Marketing<\/p>\n\t\t\t\t\t\t\t\t\t\t\t\t\t<\/div>\n\t\t\t\t\t\t\t\t\t\t\t<\/div>\n\t\t\t\t\t<input type=\"checkbox\" class=\"tb-team__card-checkbox\" id=\"tb-team-read-more-block_s114__p767__team-1\">\n\t\t\t\t<\/label>\n\t\t\t<\/div>\n\t\t\t\t\t<div class=\"tb-card entry\" style=\"background-image: url('https:\/\/icen.travelblox.eu\/wp-content\/uploads\/sites\/114\/2025\/09\/3-819x1024.jpg')\">\n\t\t\t\t<label for=\"tb-team-read-more-block_s114__p767__team-2\" class=\"tb-team__card-label\">\n\t\t\t\t\t<div class=\"overlay\"><\/div>\n\t\t\t\t\t<div class=\"overlay overlay--extra\"><\/div>\n\t\t\t\t\t<div class=\"content\">\n\t\t\t\t\t\t<div class=\"tb-team__card-titles\">\n\t\t\t\t\t\t\t<h3>Julie<\/h3>\n\t\t\t\t\t\t\t\t\t\t\t\t\t\t\t<p>beantwortet all deine Fragen<\/p>\n\t\t\t\t\t\t\t\t\t\t\t\t\t<\/div>\n\t\t\t\t\t\t\t\t\t\t\t<\/div>\n\t\t\t\t\t<input type=\"checkbox\" class=\"tb-team__card-checkbox\" id=\"tb-team-read-more-block_s114__p767__team-2\">\n\t\t\t\t<\/label>\n\t\t\t<\/div>\n\t\t\t\t\t<div class=\"tb-card entry\" style=\"background-image: url('https:\/\/icen.travelblox.eu\/wp-content\/uploads\/sites\/114\/2025\/07\/5-819x1024.jpg')\">\n\t\t\t\t<label for=\"tb-team-read-more-block_s114__p767__team-3\" class=\"tb-team__card-label\">\n\t\t\t\t\t<div class=\"overlay\"><\/div>\n\t\t\t\t\t<div class=\"overlay overlay--extra\"><\/div>\n\t\t\t\t\t<div class=\"content\">\n\t\t\t\t\t\t<div class=\"tb-team__card-titles\">\n\t\t\t\t\t\t\t<h3>Claudia<\/h3>\n\t\t\t\t\t\t\t\t\t\t\t\t\t\t\t<p>beantwortet all deine Fragen<\/p>\n\t\t\t\t\t\t\t\t\t\t\t\t\t<\/div>\n\t\t\t\t\t\t\t\t\t\t\t<\/div>\n\t\t\t\t\t<input type=\"checkbox\" class=\"tb-team__card-checkbox\" id=\"tb-team-read-more-block_s114__p767__team-3\">\n\t\t\t\t<\/label>\n\t\t\t<\/div>\n\t\t\t\t\t<div class=\"tb-card entry\" style=\"background-image: url('https:\/\/icen.travelblox.eu\/wp-content\/uploads\/sites\/114\/2026\/05\/Nordic-Nomads-team-pictures-3-819x1024.jpg')\">\n\t\t\t\t<label for=\"tb-team-read-more-block_s114__p767__team-4\" class=\"tb-team__card-label\">\n\t\t\t\t\t<div class=\"overlay\"><\/div>\n\t\t\t\t\t<div class=\"overlay overlay--extra\"><\/div>\n\t\t\t\t\t<div class=\"content\">\n\t\t\t\t\t\t<div class=\"tb-team__card-titles\">\n\t\t\t\t\t\t\t<h3>Lara<\/h3>\n\t\t\t\t\t\t\t\t\t\t\t\t\t\t\t<p>beantwortet all deine Fragen<\/p>\n\t\t\t\t\t\t\t\t\t\t\t\t\t<\/div>\n\t\t\t\t\t\t\t\t\t\t\t<\/div>\n\t\t\t\t\t<input type=\"checkbox\" class=\"tb-team__card-checkbox\" id=\"tb-team-read-more-block_s114__p767__team-4\">\n\t\t\t\t<\/label>\n\t\t\t<\/div>\n\t\t\t\t\t<div class=\"tb-card entry\" style=\"background-image: url('https:\/\/icen.travelblox.eu\/wp-content\/uploads\/sites\/114\/2026\/05\/Nordic-Nomads-team-pictures-1-819x1024.jpg')\">\n\t\t\t\t<label for=\"tb-team-read-more-block_s114__p767__team-5\" class=\"tb-team__card-label\">\n\t\t\t\t\t<div class=\"overlay\"><\/div>\n\t\t\t\t\t<div class=\"overlay overlay--extra\"><\/div>\n\t\t\t\t\t<div class=\"content\">\n\t\t\t\t\t\t<div class=\"tb-team__card-titles\">\n\t\t\t\t\t\t\t<h3>Pauline<\/h3>\n\t\t\t\t\t\t\t\t\t\t\t\t\t\t\t<p>beantwortet all deine Fragen<\/p>\n\t\t\t\t\t\t\t\t\t\t\t\t\t<\/div>\n\t\t\t\t\t\t\t\t\t\t\t<\/div>\n\t\t\t\t\t<input type=\"checkbox\" class=\"tb-team__card-checkbox\" id=\"tb-team-read-more-block_s114__p767__team-5\">\n\t\t\t\t<\/label>\n\t\t\t<\/div>\n\t\t\t\t\t\t\t\t<\/div>\n\t\t\t\t\t\t<div class=\"tb-carousel-nav\">\n\t\t\t<div class=\"dots\">\n\t\t\t\t<div class=\"dot active\"><\/div>\n\t\t\t\t<div class=\"dot\"><\/div>\n\t\t\t\t<div class=\"dot\"><\/div>\n\t\t\t<\/div>\n\t\t\t<div class=\"arrows\">\n\t\t\t\t<div class=\"prev disabled\">\n\t\t\t\t\t<span><i class=\"fa fa-chevron-left\"><\/i><\/span>\n\t\t\t\t<\/div>\n\t\t\t\t<div class=\"next\">\n\t\t\t\t\t<span><i class=\"fa fa-chevron-right\"><\/i><\/span>\n\t\t\t\t<\/div>\n\t\t\t<\/div>\n\t\t<\/div>\n\t\t\t\t<\/div>\n\t\t<\/div>\n\t\t\t\t\t<div class=\"tb-team__extra inner-block tb-fade-in tb-fade-in--subtle\">\n\t\t\t<div class=\"text-part\">\n\t\t\t\t<h3>Du hast eine Frage zu deiner Reise?<\/h3>\n\t\t\t\t\t\t<div class=\"translation-block\"><p>Z\u00f6gere nicht, uns eine <a href=\"https:\/\/icelandnomads.com\/de\/contact\/\" target=\"_blank\">E-Mail<\/a> zu senden. Wir helfen dir gerne weiter!<\/p><\/div>\n\t\t\t\t\t<div class=\"tb-buttons-part\">\n\t\t\t\t\t\t\t\t\t<\/div>\n\t\t\t<\/div>\n\t\t<\/div>\n\t<\/div>\n\n\n\n\n<div class=\"tb-leadtext tb-block align-center background-light pattern-default variant-none tb-collapsible-margins\" id=\"leadtext-1\">\n\t<div class=\"inner-block tb-fade-in tb-fade-in--subtle\">\n\t\t<div class=\"text-part\">\n\t\t\t\t\t<div class=\"translation-block\"><p><strong>Schlie\u00dfe dich dem Abenteuer an<\/strong><\/p><p>Egal, ob du allein, mit deinem Partner, deiner Familie oder Freunden reist. Unser Iceland Nomads Roadtrip ist genau das Richtige f\u00fcr dich. \u00dcber 50.000 Reisende haben uns weltweit bereits ihr Vertrauen geschenkt.&nbsp;<br>Bereit, dein eigenes isl\u00e4ndisches Abenteuer zu erleben?<\/p><\/div>\n\t\t\t<\/div>\n\t<\/div>\n<\/div>","protected":false},"excerpt":{"rendered":"","protected":false},"author":114,"featured_media":246,"parent":0,"menu_order":0,"comment_status":"closed","ping_status":"closed","template":"","meta":{"_acf_changed":false,"inline_featured_image":false,"footnotes":""},"class_list":["post-767","page","type-page","status-publish","has-post-thumbnail","hentry"],"acf":{"page_package_ids":"","is_main_package_page":false,"additional_linked_packages":[],"feed_page_to_atlas":false},"_links":{"self":[{"href":"https:\/\/icen.travelblox.eu\/de\/wp-json\/wp\/v2\/pages\/767","targetHints":{"allow":["GET"]}}],"collection":[{"href":"https:\/\/icen.travelblox.eu\/de\/wp-json\/wp\/v2\/pages"}],"about":[{"href":"https:\/\/icen.travelblox.eu\/de\/wp-json\/wp\/v2\/types\/page"}],"author":[{"embeddable":true,"href":"https:\/\/icen.travelblox.eu\/de\/wp-json\/wp\/v2\/users\/114"}],"replies":[{"embeddable":true,"href":"https:\/\/icen.travelblox.eu\/de\/wp-json\/wp\/v2\/comments?post=767"}],"version-history":[{"count":49,"href":"https:\/\/icen.travelblox.eu\/de\/wp-json\/wp\/v2\/pages\/767\/revisions"}],"predecessor-version":[{"id":2685,"href":"https:\/\/icen.travelblox.eu\/de\/wp-json\/wp\/v2\/pages\/767\/revisions\/2685"}],"wp:featuredmedia":[{"embeddable":true,"href":"https:\/\/icen.travelblox.eu\/de\/wp-json\/wp\/v2\/media\/246"}],"wp:attachment":[{"href":"https:\/\/icen.travelblox.eu\/de\/wp-json\/wp\/v2\/media?parent=767"}],"curies":[{"name":"wp","href":"https:\/\/api.w.org\/{rel}","templated":true}]}}