{"id":2124,"date":"2025-12-08T15:45:40","date_gmt":"2025-12-08T15:45:40","guid":{"rendered":"https:\/\/icen.travelblox.eu\/?page_id=2124"},"modified":"2026-04-14T09:25:01","modified_gmt":"2026-04-14T09:25:01","slug":"4x4","status":"publish","type":"page","link":"https:\/\/icen.travelblox.eu\/de\/4x4\/","title":{"rendered":"4&#215;4"},"content":{"rendered":"<div class=\"tb-quoteparallax tb-block align-center background-dark pattern-none variant-text_on_image\" id=\"quoteparallax\" style=\"background-image: url('https:\/\/icen.travelblox.eu\/wp-content\/uploads\/sites\/114\/2024\/12\/Copy-of-Siliquini_NordicNomads_Iceland_2023-0322-e1765285681999.jpg');\">\n\t\t<div class=\"inner-block tb-fade-in tb-fade-in--subtle\">\n\t\t\t\t\t<div class=\"text-part\">\n\t\t\t\t<h2>Deine Rundreise durch Island im 4x4 mit Dachzelt <\/h2>\n\t\t\t\t\t\t<div class=\"translation-block\"><\/div>\n\t\t\t\t\t\t\t\t\t\t<div class=\"tb-buttons-part\">\n\t\t\t\t\t\t\t\t<a href=\"https:\/\/icelandnomads.com\/de\/\"  target=\"\" class=\"tb-button\">\n\t\t\tNach Island in 2026\t\t<\/a>\n\t\t\t\t\t\t\t\t\t\t\t\t\t<\/div>\n\t\t\t\t\t\t\t<\/div>\n\t\t\t\t\t<\/div>\n<\/div>\n\n\n\n<div class=\"tb-textimage1 tb-block align-center background-light pattern-none variant-none tb-collapsible-margins\" id=\"textimage1\">\n\t<div class=\"inner-block tb-fade-in tb-fade-in--subtle\">\n\n\t\t\n\t\t<div class=\"text-part\">\n\t\t\t<h2><\/h2>\n\t\t\t\t\t<div class=\"translation-block\"><\/div>\n\t\t\t<\/div>\n\t<\/div>\n\t<div class=\"inner-block\">\n\t\t\t\t\t\t\t\t<\/div>\n\t<div class=\"inner-block tb-fade-in tb-fade-in--subtle\">\n\t\t<div class=\"text-part\">\n\t\t\t\t\t<div class=\"translation-block\"><p>Der <strong>4x4 mit Dachzelt<\/strong> ist unser Klassiker von <strong>Iceland Nomads<\/strong> f\u00fcr deine Rundreise in Island. Entwickelt f\u00fcr <strong>Abenteurer<\/strong>, die die Insel in <strong>voller Freiheit<\/strong> erkunden m\u00f6chten, bringt dich dieses Gel\u00e4ndefahrzeug auf die <strong>Hochlandpisten<\/strong> und l\u00e4sst dich unter den Sternen schlafen, ganz nah an der isl\u00e4ndischen Natur.<\/p><p>Unser Konzept verbindet <strong>Abenteuer und Komfort<\/strong>: ein 4x4, um die mythischen Stra\u00dfen Islands zu entdecken, und ein ger\u00e4umiges Dachzelt f\u00fcr gem\u00fctliche N\u00e4chte inmitten der Landschaften. Das Zelt ist in wenigen Minuten aufgebaut und bietet dir ein echtes Doppelbett mit einer bequemen Matratze.<\/p><p>Wenn du eine <strong>authentische Rundreise<\/strong> mit Zugang zu Bergstra\u00dfen und abgelegenen Orten suchst, ist der 4x4 mit Dachzelt genau das Richtige f\u00fcr dich.&nbsp;<br><br><strong>Unten findest du alle Eigenschaften im \u00dcberblick.<\/strong><\/p><\/div>\n\t\t\t\t<div class=\"tb-buttons-part\">\n\t\t\t\t\t\t<a href=\"#features\"  target=\"\" class=\"tb-button\">\n\t\t\tEntdecke auch den 4x4\t\t<\/a>\n\t\t\t\t\t\t\t\t<a href=\"https:\/\/icelandnomads.com\/de\/\"  target=\"\" class=\"tb-buttonlink\">\n\t\t\tBuche deine Rundreise\t\t<\/a>\n\t\t\t\t\t<\/div>\n\t\t<\/div>\n\t<\/div>\n<\/div>\n\n\n<div class=\"tb-textimage2 tb-block align-left background-light pattern-default variant-image_first tb-collapsible-margins\" id=\"textimage2\">\n\t<div class=\"inner-block tb-fade-in\">\n\n\t\t\n\t\t<div class=\"tb-columns\">\n\t\t\t<div class=\"tb-column\">\n\t\t\t\t<div class=\"tb-text-part\">\n\t\t\t\t\t<h2>Inklusive<\/h2>\n\t\t\t\t\t\t\t<div class=\"translation-block\"><\/div>\n\t\t\t\t\t\t\t\t\t\t\t\t<ul class=\"icon-list\">\n\t\t\t\t\t\t\t\t\t\t\t\t\t\t\t<li>\t\t\t\t<i class=\"icon fa-solid fa-route\" aria-hidden=\"true\"><\/i>\n\t\t\t Unbegrenzte Kilometer<\/li>\n\t\t\t\t\t\t\t\t\t\t\t\t\t\t\t<li>\t\t\t\t<i class=\"icon fa-solid fa-car\" aria-hidden=\"true\"><\/i>\n\t\t\t Zugang zu den F-Routen<\/li>\n\t\t\t\t\t\t\t\t\t\t\t\t\t\t\t<li>\t\t\t\t<i class=\"icon fa-solid fa-campground\" aria-hidden=\"true\"><\/i>\n\t\t\t Alle Campingpl\u00e4tze werden im Voraus reserviert<\/li>\n\t\t\t\t\t\t\t\t\t\t\t\t\t\t\t<li>\t\t\t\t<i class=\"icon fa-solid fa-book\" aria-hidden=\"true\"><\/i>\n\t\t\t Detailliertes Roadbook mit Route und Tipps<\/li>\n\t\t\t\t\t\t\t\t\t\t\t\t\t\t\t<li>\t\t\t\t<i class=\"icon fa-solid fa-map\" aria-hidden=\"true\"><\/i>\n\t\t\t Travelbase App mit interaktiver Karte<\/li>\n\t\t\t\t\t\t\t\t\t\t\t\t\t\t\t<li>\t\t\t\t<i class=\"icon fa-solid fa-bed\" aria-hidden=\"true\"><\/i>\n\t\t\t Schlafmaterial: Matratze, Schlafsack, Kissen<\/li>\n\t\t\t\t\t\t\t\t\t\t\t\t\t\t\t<li>\t\t\t\t<i class=\"icon fa-kit fa-tb-icon-fire\" aria-hidden=\"true\"><\/i>\n\t\t\t Campingausr\u00fcstung: Tisch, Hocker<\/li>\n\t\t\t\t\t\t\t\t\t\t\t\t\t\t\t<li>\t\t\t\t<i class=\"icon fa-regular fa-plate-utensils\" aria-hidden=\"true\"><\/i>\n\t\t\t Kochmaterial: Gaskocher, Pfanne, Utensilien<\/li>\n\t\t\t\t\t\t\t\t\t\t\t\t\t\t\t<li>\t\t\t\t<i class=\"icon fa-solid fa-user-group\" aria-hidden=\"true\"><\/i>\n\t\t\t Briefing von unseren Rangern auf Deutsch<\/li>\n\t\t\t\t\t\t\t\t\t\t\t\t\t\t\t<li>\t\t\t\t<i class=\"icon fa-solid fa-phone\" aria-hidden=\"true\"><\/i>\n\t\t\t Unterst\u00fctzung w\u00e4hrend deiner Rundreise<\/li>\n\t\t\t\t\t\t\t\t\t\t\t\t\t<\/ul>\n\t\t\t\t\t\t\t\t\t\t<div class=\"tb-buttons-part\">\n\t\t\t\t\t\t\t\t\t\t\t\t\t\t\t\t\t<\/div>\n\t\t\t\t<\/div>\n\t\t\t<\/div>\n\t\t\t<div class=\"tb-column\">\n\t\t\t\t\t\t\t\t\t\t\t\t\t\t\t<div class=\"tb-image-part\">\n\t\t\t\t\t\t\t<img src='https:\/\/icen.travelblox.eu\/wp-content\/uploads\/sites\/114\/2025\/10\/186-768x512.jpg' width='768' height='512' loading='lazy' image_size='medium_large'>\t\t\t\t\t\t<\/div>\n\t\t\t\t\t\t\t\t\t\t\t\t<\/div>\n\t\t<\/div>\n\t<\/div>\n<\/div>\n\n\n<div class=\"tb-textimage2 tb-block align-left background-light pattern-default variant-text_first tb-collapsible-margins\" id=\"features\">\n\t<div class=\"inner-block tb-fade-in\">\n\n\t\t\n\t\t<div class=\"tb-columns\">\n\t\t\t<div class=\"tb-column\">\n\t\t\t\t<div class=\"tb-text-part\">\n\t\t\t\t\t<h2>Eigenschaften des 4x4<\/h2>\n\t\t\t\t\t\t\t<div class=\"translation-block\"><\/div>\n\t\t\t\t\t\t\t\t\t\t\t\t<ul class=\"icon-list\">\n\t\t\t\t\t\t\t\t\t\t\t\t\t\t\t<li>\t\t\t\t<i class=\"icon fa-solid fa-car\" aria-hidden=\"true\"><\/i>\n\t\t\t Ein an die isl\u00e4ndischen Bedingungen angepasstes Fahrzeug<\/li>\n\t\t\t\t\t\t\t\t\t\t\t\t\t\t\t<li>\t\t\t\t<i class=\"icon fa-solid fa-car-on\" aria-hidden=\"true\"><\/i>\n\t\t\t Manuelles Getriebe<\/li>\n\t\t\t\t\t\t\t\t\t\t\t\t\t\t\t<li>\t\t\t\t<i class=\"icon fa-solid fa-tv\" aria-hidden=\"true\"><\/i>\n\t\t\t Modernes Multimedia-Display (Car Play)<\/li>\n\t\t\t\t\t\t\t\t\t\t\t\t\t\t\t<li>\t\t\t\t<i class=\"icon fa-kit fa-tb-rooftop\" aria-hidden=\"true\"><\/i>\n\t\t\t Ger\u00e4umiges Dachzelt f\u00fcr 2 Personen<\/li>\n\t\t\t\t\t\t\t\t\t\t\t\t\t\t\t<li>\t\t\t\t<i class=\"icon fa-solid fa-tent\" aria-hidden=\"true\"><\/i>\n\t\t\t In wenigen Minuten aufgebaut<\/li>\n\t\t\t\t\t\t\t\t\t\t\t\t\t\t\t<li>\t\t\t\t<i class=\"icon fa-solid fa-bed\" aria-hidden=\"true\"><\/i>\n\t\t\t Eine bequeme Matratze<\/li>\n\t\t\t\t\t\t\t\t\t\t\t\t\t\t\t<li>\t\t\t\t<i class=\"icon fa-solid fa-cloud-bolt\" aria-hidden=\"true\"><\/i>\n\t\t\t Schutz gegen Wind und Regen<\/li>\n\t\t\t\t\t\t\t\t\t\t\t\t\t\t\t<li>\t\t\t\t<i class=\"icon fa-solid fa-mountain-sun\" aria-hidden=\"true\"><\/i>\n\t\t\t Panoramablick auf die Landschaften<\/li>\n\t\t\t\t\t\t\t\t\t\t\t\t\t\t\t<li>\t\t\t\t<i class=\"icon fa-solid fa-bolt-lightning\" aria-hidden=\"true\"><\/i>\n\t\t\t USB-Anschl\u00fcsse<\/li>\n\t\t\t\t\t\t\t\t\t\t\t\t\t<\/ul>\n\t\t\t\t\t\t\t\t\t\t<div class=\"tb-buttons-part\">\n\t\t\t\t\t\t\t\t<a href=\"https:\/\/icelandnomads.com\/de\/\"  target=\"\" class=\"tb-button\">\n\t\t\tRundreise mit dem 4x4 buchen\t\t<\/a>\n\t\t\t\t\t\t\t\t\t\t<a href=\"https:\/\/icen.travelblox.eu\/de\/van\/\"  target=\"\" class=\"tb-buttonlink\">\n\t\t\tEntdecke den ausgebauten Van\t\t<\/a>\n\t\t\t\t\t\t\t<\/div>\n\t\t\t\t<\/div>\n\t\t\t<\/div>\n\t\t\t<div class=\"tb-column\">\n\t\t\t\t\t\t\t\t\t\t\t\t\t\t\t<div class=\"tb-image-part\">\n\t\t\t\t\t\t\t<img src='https:\/\/icen.travelblox.eu\/wp-content\/uploads\/sites\/114\/2025\/10\/145-768x512.jpg' width='768' height='512' loading='lazy' image_size='medium_large'>\t\t\t\t\t\t<\/div>\n\t\t\t\t\t\t\t\t\t\t\t\t<\/div>\n\t\t<\/div>\n\t<\/div>\n<\/div>\n\n\n<div class=\"hide-some tb-faq tb-block align-center background-light pattern-none variant-none tb-collapsible-margins\" id=\"items\">\n\t<div class=\"inner-block tb-fade-in tb-fade-in--subtle\">\n\t\t<div class=\"text-part\">\n\t\t\t<h2>Inklusive Ausstattung<\/h2>\n\t\t\t\t\t<div class=\"translation-block\"><\/div>\n\t\t\t<\/div>\n\t<\/div>\n\t<div class=\"inner-block\">\n\n\t\t\t\t\t<div class=\"faq-list tb-accordion tb-accordion--animation\">\n\t\t\t\t\t\t\t\t\t<details class=\"details\">\n\t\t\t\t\t\t<summary class=\"summary\"><div>Kochutensilien<\/div><\/summary>\n\t\t\t\t\t\t<div class=\"content text-part\">\n\t\t\t\t\t\t\t\t\t<div class=\"translation-block\"><ul><li>Gaskocher<\/li><li>Gasflaschen<\/li><li>Topf und Pfanne<\/li><li>Teller, Sch\u00fcssel und Becher<\/li><li>Foodpack (falls Option gebucht)<\/li><\/ul><\/div>\n\t\t\t\t\t\t\t<\/div>\n\t\t\t\t\t<\/details>\n\t\t\t\t\t\t\t\t\t<details class=\"details\">\n\t\t\t\t\t\t<summary class=\"summary\"><div>Schlafbereich<\/div><\/summary>\n\t\t\t\t\t\t<div class=\"content text-part\">\n\t\t\t\t\t\t\t\t\t<div class=\"translation-block\"><ul><li>Doppelmatratze (130 x 200 cm)<\/li><li>Schlafsack<\/li><li>Kissen<\/li><li>Bettw\u00e4sche und Handtuch (falls Camping+ gebucht)<\/li><\/ul><\/div>\n\t\t\t\t\t\t\t<\/div>\n\t\t\t\t\t<\/details>\n\t\t\t\t\t\t\t\t\t<details class=\"details\">\n\t\t\t\t\t\t<summary class=\"summary\"><div>Au\u00dfenbereich<\/div><\/summary>\n\t\t\t\t\t\t<div class=\"content text-part\">\n\t\t\t\t\t\t\t\t\t<div class=\"translation-block\"><ul><li>Campingtisch<\/li><li>Hocker<\/li><\/ul><\/div>\n\t\t\t\t\t\t\t<\/div>\n\t\t\t\t\t<\/details>\n\t\t\t\t\t\t\t<\/div>\n\t\t\t\t<div class=\"load-more-faqs-container\">\n\t\t\t<div class=\"load-more-faqs-link\">\n\t\t\t\t<a href=\"#\" class=\"tb-buttonlink-with-icon load-more\">\n\t\t\t\t\t<span>Weitere FAQs laden<\/span>\n\t\t\t\t\t<i class=\"icon fa fa-plus\"><\/i>\n\t\t\t\t<\/a>\n\t\t\t\t<a href=\"#\" class=\"tb-buttonlink-with-icon load-less\">\n\t\t\t\t\t<span>Weniger FAQs laden<\/span>\n\t\t\t\t\t<i class=\"icon fa fa-minus\"><\/i>\n\t\t\t\t<\/a>\n\t\t\t<\/div>\n\t\t<\/div>\n\t<\/div>\n\t<\/div>\n\n\n<div class=\"tb-colcompare tb-block align-center background-light pattern-none variant-cards tb-collapsible-margins\" id=\"colcompare\">\n\t<div class=\"inner-block tb-fade-in tb-fade-in--subtle\">\n\t\t<div class=\"text-part\">\n\t\t\t<h2>Das Dachzelt<\/h2>\n\t\t\t\t\t<div class=\"translation-block\"><\/div>\n\t\t\t<\/div>\n\t<\/div>\n\t\t\t\t\t<div class=\"inner-block-full-width has-tb-carousel tb-justified\" >\n\t\t\t<div class=\"tb-carousel-container\">\n\t\t\t\t<div class=\"entries tb-cards\" data-slider-first=\"1\">\n\t\t\t\t\t\t\t\t\t<div class=\"tb-card entry tb-fade-in tb-fade-in--subtle\">\n\t\t\t\t<div class=\"tb-image-part\">\n\t\t\t\t\t<img src='https:\/\/icen.travelblox.eu\/wp-content\/uploads\/sites\/114\/2025\/10\/88-768x512.jpg' width='768' height='512' loading='lazy' image_size='medium_large'>\t\t\t\t<\/div>\n\t\t\t\t<div class=\"tb-card-content text-part\">\n\t\t\t\t\t<h5> Schnelles Aufstellen<\/h5>\n\t\t\t\t\t\t\t<div class=\"translation-block\"><p>Das Dachzelt <strong>entfaltet sich in wenigen Minuten<\/strong>. Ist es einmal aufgebaut, erreichst du deinen gem\u00fctlichen Schlafbereich \u00fcber eine stabile Leiter. Die integrierte Matratze sorgt f\u00fcr erholsame N\u00e4chte.<\/p><\/div>\n\t\t\t\t\t\t<div class=\"tb-buttons-part\">\n\t\t\t\t\t\t\t\t\t\t\t<\/div>\n\t\t\t\t<\/div>\n\t\t\t<\/div>\n\t\t\t\t\t<div class=\"tb-card entry tb-fade-in tb-fade-in--subtle\">\n\t\t\t\t<div class=\"tb-image-part\">\n\t\t\t\t\t<img src='https:\/\/icen.travelblox.eu\/wp-content\/uploads\/sites\/114\/2025\/12\/ICEN26_WebsitePictures-4-768x512.jpg' width='768' height='512' alt='Innenseite des Dachzeltes' loading='lazy' image_size='medium_large'>\t\t\t\t<\/div>\n\t\t\t\t<div class=\"tb-card-content text-part\">\n\t\t\t\t\t<h5> Schutz und Komfort<\/h5>\n\t\t\t\t\t\t\t<div class=\"translation-block\"><p>Das Zelt sch\u00fctzt dich mit seinem robusten Design <strong>zuverl\u00e4ssig vor Wind und Regen<\/strong>. Gut isoliert und \u00fcberraschend ger\u00e4umig sorgt es f\u00fcr angenehme N\u00e4chte, ganz egal wie das Wetter spielt. Perfekt, um nach einem Tag voller Abenteuer auf den isl\u00e4ndischen Stra\u00dfen zur Ruhe zu kommen.<\/p><\/div>\n\t\t\t\t\t\t<div class=\"tb-buttons-part\">\n\t\t\t\t\t\t\t\t\t\t\t<\/div>\n\t\t\t\t<\/div>\n\t\t\t<\/div>\n\t\t\t\t\t\t\t\t<\/div>\n\t\t\t\t\t\t<div class=\"tb-carousel-nav\">\n\t\t\t<div class=\"dots\">\n\t\t\t\t<div class=\"dot active\"><\/div>\n\t\t\t\t<div class=\"dot\"><\/div>\n\t\t\t\t<div class=\"dot\"><\/div>\n\t\t\t<\/div>\n\t\t\t<div class=\"arrows\">\n\t\t\t\t<div class=\"prev disabled\">\n\t\t\t\t\t<span><i class=\"fa fa-chevron-left\"><\/i><\/span>\n\t\t\t\t<\/div>\n\t\t\t\t<div class=\"next\">\n\t\t\t\t\t<span><i class=\"fa fa-chevron-right\"><\/i><\/span>\n\t\t\t\t<\/div>\n\t\t\t<\/div>\n\t\t<\/div>\n\t\t\t\t<\/div>\n\t\t<\/div>\n\t\t\t\t\t<div class=\"inner-block\">\n\t\t\t<div class=\"text-part\">\n\t\t\t\t\t\t<div class=\"translation-block\"><\/div>\n\t\t\t\t\t<div class=\"tb-buttons-part\">\n\t\t\t\t\t\t\t<a href=\"https:\/\/icelandnomads.com\/de\/#join\"  target=\"\" class=\"tb-button\">\n\t\t\tNach Island im 4x4\t\t<\/a>\n\t\t\t\t\t\t<\/div>\n\t\t\t<\/div>\n\t\t<\/div>\n\t<\/div>\n\n\n\n<div class=\"tb-quoteparallax tb-block align-center background-dark pattern-none variant-text_on_image\" id=\"quoteparallax-1\" style=\"background-image: url('https:\/\/travelbase.eu\/frontend_src\/tb20\/dist\/assets\/img\/header-home-2022.jpg');\">\n\t\t<div class=\"inner-block tb-fade-in tb-fade-in--subtle\">\n\t\t\t\t\t<div class=\"text-part\">\n\t\t\t\t<h2>Dachzelt oder Campervan?<\/h2>\n\t\t\t\t\t\t<div class=\"translation-block\"><p>Du bist dir noch unsicher zwischen den beiden?<br><br>Entdecke unseren Blogartikel, der dir bei deiner Entscheidung hilft!<\/p><\/div>\n\t\t\t\t\t\t\t\t\t\t<div class=\"tb-buttons-part\">\n\t\t\t\t\t\t\t\t<a href=\"https:\/\/icen.travelblox.eu\/de\/rundreise-island-dachzelt-oder-van-was-solltest-du-wahlen\/\"  target=\"_blank\" class=\"tb-button\">\n\t\t\tDen Artikel lesen\t\t<\/a>\n\t\t\t\t\t\t\t\t\t\t\t\t\t<\/div>\n\t\t\t\t\t\t\t<\/div>\n\t\t\t\t\t<\/div>\n<\/div>\n\n\n\n<div class=\"hide-some tb-faq tb-block align-center background-light pattern-none variant-none tb-collapsible-margins\" id=\"faq\">\n\t<div class=\"inner-block tb-fade-in tb-fade-in--subtle\">\n\t\t<div class=\"text-part\">\n\t\t\t<h2>FAQ<\/h2>\n\t\t\t\t\t<div class=\"translation-block\"><\/div>\n\t\t\t<\/div>\n\t<\/div>\n\t<div class=\"inner-block\">\n\n\t\t\t\t\t<div class=\"faq-list tb-accordion tb-accordion--animation two-col\">\n\t\t\t\t\t\t\t\t\t<details class=\"details\">\n\t\t\t\t\t\t<summary class=\"summary\"><div>Kann ich auf alle F-Roads fahren?<\/div><\/summary>\n\t\t\t\t\t\t<div class=\"content text-part\">\n\t\t\t\t\t\t\t\t\t<div class=\"translation-block\"><p>Ja, der 4x4 gibt dir Zugang zu den Bergpisten und den isl\u00e4ndischen Hochl\u00e4ndern, die mit einem herk\u00f6mmlichen Fahrzeug nicht erreichbar sind.<\/p><\/div>\n\t\t\t\t\t\t\t<\/div>\n\t\t\t\t\t<\/details>\n\t\t\t\t\t\t\t\t\t<details class=\"details\">\n\t\t\t\t\t\t<summary class=\"summary\"><div>Wie funktioniert die Stromversorgung?<\/div><\/summary>\n\t\t\t\t\t\t<div class=\"content text-part\">\n\t\t\t\t\t\t\t\t\t<div class=\"translation-block\"><p>Die Zusatzbatterie l\u00e4dt sich automatisch auf w\u00e4hrend du f\u00e4hrst und es gibt USB-Anschl\u00fcsse, um deine kleinen Ger\u00e4te aufzuladen.<\/p><\/div>\n\t\t\t\t\t\t\t<\/div>\n\t\t\t\t\t<\/details>\n\t\t\t\t\t\t\t\t\t<details class=\"details\">\n\t\t\t\t\t\t<summary class=\"summary\"><div>Ist es schwierig, das Dachzelt aufzubauen?<\/div><\/summary>\n\t\t\t\t\t\t<div class=\"content text-part\">\n\t\t\t\t\t\t\t\t\t<div class=\"translation-block\"><p>Nein, das Zelt l\u00e4sst sich in wenigen Minuten aufbauen. Wir erkl\u00e4ren euch alles beim Briefing vor Ort.<\/p><\/div>\n\t\t\t\t\t\t\t<\/div>\n\t\t\t\t\t<\/details>\n\t\t\t\t\t\t\t\t\t<details class=\"details\">\n\t\t\t\t\t\t<summary class=\"summary\"><div>Wo kann ich kochen?<\/div><\/summary>\n\t\t\t\t\t\t<div class=\"content text-part\">\n\t\t\t\t\t\t\t\t\t<div class=\"translation-block\"><p>Du kochst im Freien mit dem bereitgestellten Gaskocher. Mitten in der Natur sitzt du am Campingtisch und bereitest deine Mahlzeiten zu. Einige Campingpl\u00e4tze haben auch \u00fcberdachte Bereiche, in denen du gesch\u00fctzt kochen kannst.<\/p><\/div>\n\t\t\t\t\t\t\t<\/div>\n\t\t\t\t\t<\/details>\n\t\t\t\t\t\t\t\t\t<details class=\"details\">\n\t\t\t\t\t\t<summary class=\"summary\"><div>Wie viele Personen k\u00f6nnen im Dachzelt schlafen?<\/div><\/summary>\n\t\t\t\t\t\t<div class=\"content text-part\">\n\t\t\t\t\t\t\t\t\t<div class=\"translation-block\"><p>Das bequeme Doppelbett im Dachzelt ist f\u00fcr zwei Personen konzipiert. Eltern k\u00f6nnen ebenfalls darin schlafen, denn ein kleines Kind passt in die Mitte.<\/p><\/div>\n\t\t\t\t\t\t\t<\/div>\n\t\t\t\t\t<\/details>\n\t\t\t\t\t\t\t\t\t<details class=\"details\">\n\t\t\t\t\t\t<summary class=\"summary\"><div>Was ist der Unterschied zwischen dem 4x4 mit Dachzelt und dem Campervan?<\/div><\/summary>\n\t\t\t\t\t\t<div class=\"content text-part\">\n\t\t\t\t\t\t\t\t\t<div class=\"translation-block\"><p>Der 4x4 mit Dachzelt gibt dir Zugang zu den Pisten der Hochl\u00e4nder und bringt dich mit einer authentischen Campingerfahrung n\u00e4her zur Natur. Der ausgebaute Van hingegen bietet mehr Innenraum und Komfort mit einem Bett ohne hinauszugehen. Beide Optionen sind perfekt, um Island zu entdecken \u2013 es ist eine Frage der pers\u00f6nlichen Vorliebe! Wir haben <a href=\"https:\/\/icelandnomads.com\/de\/rundreise-island-dachzelt-oder-van-was-solltest-du-wahlen\/\" target=\"_blank\">einen ausf\u00fchrlichen Blogartikel<\/a> geschrieben, der dir bei deiner Entscheidung hilft.<\/p><\/div>\n\t\t\t\t\t\t\t<\/div>\n\t\t\t\t\t<\/details>\n\t\t\t\t\t\t\t<\/div>\n\t\t\t\t<div class=\"load-more-faqs-container\">\n\t\t\t<div class=\"load-more-faqs-link\">\n\t\t\t\t<a href=\"#\" class=\"tb-buttonlink-with-icon load-more\">\n\t\t\t\t\t<span>Weitere FAQs laden<\/span>\n\t\t\t\t\t<i class=\"icon fa fa-plus\"><\/i>\n\t\t\t\t<\/a>\n\t\t\t\t<a href=\"#\" class=\"tb-buttonlink-with-icon load-less\">\n\t\t\t\t\t<span>Weniger FAQs laden<\/span>\n\t\t\t\t\t<i class=\"icon fa fa-minus\"><\/i>\n\t\t\t\t<\/a>\n\t\t\t<\/div>\n\t\t<\/div>\n\t<\/div>\n\t<\/div>","protected":false},"excerpt":{"rendered":"","protected":false},"author":159,"featured_media":1336,"parent":0,"menu_order":0,"comment_status":"closed","ping_status":"closed","template":"","meta":{"_acf_changed":false,"inline_featured_image":false,"footnotes":""},"class_list":["post-2124","page","type-page","status-publish","has-post-thumbnail","hentry"],"acf":{"page_package_ids":"","is_main_package_page":false,"additional_linked_packages":[],"feed_page_to_atlas":true},"_links":{"self":[{"href":"https:\/\/icen.travelblox.eu\/de\/wp-json\/wp\/v2\/pages\/2124","targetHints":{"allow":["GET"]}}],"collection":[{"href":"https:\/\/icen.travelblox.eu\/de\/wp-json\/wp\/v2\/pages"}],"about":[{"href":"https:\/\/icen.travelblox.eu\/de\/wp-json\/wp\/v2\/types\/page"}],"author":[{"embeddable":true,"href":"https:\/\/icen.travelblox.eu\/de\/wp-json\/wp\/v2\/users\/159"}],"replies":[{"embeddable":true,"href":"https:\/\/icen.travelblox.eu\/de\/wp-json\/wp\/v2\/comments?post=2124"}],"version-history":[{"count":31,"href":"https:\/\/icen.travelblox.eu\/de\/wp-json\/wp\/v2\/pages\/2124\/revisions"}],"predecessor-version":[{"id":2674,"href":"https:\/\/icen.travelblox.eu\/de\/wp-json\/wp\/v2\/pages\/2124\/revisions\/2674"}],"wp:featuredmedia":[{"embeddable":true,"href":"https:\/\/icen.travelblox.eu\/de\/wp-json\/wp\/v2\/media\/1336"}],"wp:attachment":[{"href":"https:\/\/icen.travelblox.eu\/de\/wp-json\/wp\/v2\/media?parent=2124"}],"curies":[{"name":"wp","href":"https:\/\/api.w.org\/{rel}","templated":true}]}}