{"id":2000,"date":"2025-12-08T15:06:01","date_gmt":"2025-12-08T15:06:01","guid":{"rendered":"https:\/\/icen.travelblox.eu\/?page_id=2000"},"modified":"2026-03-23T10:06:21","modified_gmt":"2026-03-23T10:06:21","slug":"van","status":"publish","type":"page","link":"https:\/\/icen.travelblox.eu\/de\/van\/","title":{"rendered":"Von"},"content":{"rendered":"<div class=\"tb-quoteparallax tb-block align-center background-dark pattern-none variant-text_on_image\" id=\"quoteparallax\" style=\"background-image: url('https:\/\/icen.travelblox.eu\/wp-content\/uploads\/sites\/114\/2024\/12\/Copie-de-NN_Iceland22_SjoerdBracke_HR194-scaled.jpg');\">\n\t\t<div class=\"inner-block tb-fade-in tb-fade-in--subtle\">\n\t\t\t\t\t<div class=\"text-part\">\n\t\t\t\t<h2>Entdecke den ausgebauten Campervan f\u00fcr deine Island-Rundreise<\/h2>\n\t\t\t\t\t\t<div class=\"translation-block\"><\/div>\n\t\t\t\t\t\t\t\t\t\t<div class=\"tb-buttons-part\">\n\t\t\t\t\t\t\t\t<a href=\"https:\/\/icelandnomads.com\/de\/\"  target=\"\" class=\"tb-button\">\n\t\t\tNach Island in 2026\t\t<\/a>\n\t\t\t\t\t\t\t\t\t\t\t\t\t<\/div>\n\t\t\t\t\t\t\t<\/div>\n\t\t\t\t\t<\/div>\n<\/div>\n\n\n\n<div class=\"tb-textimage1 tb-block align-center background-light pattern-none variant-none tb-collapsible-margins\" id=\"textimage1\">\n\t<div class=\"inner-block tb-fade-in tb-fade-in--subtle\">\n\n\t\t\n\t\t<div class=\"text-part\">\n\t\t\t<h2><\/h2>\n\t\t\t\t\t<div class=\"translation-block\"><\/div>\n\t\t\t<\/div>\n\t<\/div>\n\t<div class=\"inner-block\">\n\t\t\t\t\t\t\t\t<\/div>\n\t<div class=\"inner-block tb-fade-in tb-fade-in--subtle\">\n\t\t<div class=\"text-part\">\n\t\t\t\t\t<div class=\"translation-block\"><p>In diesem Jahr bietet <strong>Iceland Nomads<\/strong> eine ganz <strong>neue Option<\/strong> f\u00fcr deine Island-Rundreise an:&nbsp;<br>den <strong>ausgebauten Campervan<\/strong>. Mit \u00fcberraschend viel Platz ist er ideal f\u00fcr alle, die Islands Sch\u00f6nheit entdecken m\u00f6chten ohne ihr Fahrzeug st\u00e4ndig verlassen zu m\u00fcssen.<\/p><p>Unser Team hat ein modernes, praktisches Design entwickelt, das auf <strong>maximalen Komfort<\/strong> ausgelegt ist. Das Doppelbett l\u00e4sst sich mit einem Handgriff in eine gem\u00fctliche Sitzbank verwandeln und die gro\u00dfen Fenster schenken dir atemberaubende Ausblicke auf die isl\u00e4ndische Landschaft.<\/p><p>Wenn du einen hochwertigen, clever ausgebauten Campervan f\u00fcr deine Rundreise in Island suchst, bist du hier genau richtig.&nbsp;<\/p><p><strong>Entdecke unten alle Infos im \u00dcberblick.<\/strong><\/p><\/div>\n\t\t\t\t<div class=\"tb-buttons-part\">\n\t\t\t\t\t\t<a href=\"#features\"  target=\"\" class=\"tb-button\">\n\t\t\tEntdecke auch den 4x4\t\t<\/a>\n\t\t\t\t\t\t\t\t<a href=\"https:\/\/icelandnomads.com\/de\/\"  target=\"\" class=\"tb-buttonlink\">\n\t\t\tBuche deine Rundreise\t\t<\/a>\n\t\t\t\t\t<\/div>\n\t\t<\/div>\n\t<\/div>\n<\/div>\n\n\n<div class=\"tb-textimage2 tb-block align-left background-light pattern-default variant-image_first tb-collapsible-margins\" id=\"textimage2\">\n\t<div class=\"inner-block tb-fade-in\">\n\n\t\t\n\t\t<div class=\"tb-columns\">\n\t\t\t<div class=\"tb-column\">\n\t\t\t\t<div class=\"tb-text-part\">\n\t\t\t\t\t<h2>Inklusive<\/h2>\n\t\t\t\t\t\t\t<div class=\"translation-block\"><\/div>\n\t\t\t\t\t\t\t\t\t\t\t\t<ul class=\"icon-list\">\n\t\t\t\t\t\t\t\t\t\t\t\t\t\t\t<li>\t\t\t\t<i class=\"icon fa-solid fa-route\" aria-hidden=\"true\"><\/i>\n\t\t\t Unbegrenzte Kilometer<\/li>\n\t\t\t\t\t\t\t\t\t\t\t\t\t\t\t<li>\t\t\t\t<i class=\"icon fa-solid fa-campground\" aria-hidden=\"true\"><\/i>\n\t\t\t Alle Campingpl\u00e4tze werden im Voraus reserviert<\/li>\n\t\t\t\t\t\t\t\t\t\t\t\t\t\t\t<li>\t\t\t\t<i class=\"icon fa-solid fa-book\" aria-hidden=\"true\"><\/i>\n\t\t\t Detailliertes Roadbook mit Route und Tipps<\/li>\n\t\t\t\t\t\t\t\t\t\t\t\t\t\t\t<li>\t\t\t\t<i class=\"icon fa-solid fa-map\" aria-hidden=\"true\"><\/i>\n\t\t\t Travelbase App mit interaktiver Karte<\/li>\n\t\t\t\t\t\t\t\t\t\t\t\t\t\t\t<li>\t\t\t\t<i class=\"icon fa-solid fa-bed\" aria-hidden=\"true\"><\/i>\n\t\t\t Schlafmaterial: Kissen, Decke<\/li>\n\t\t\t\t\t\t\t\t\t\t\t\t\t\t\t<li>\t\t\t\t<i class=\"icon fa-kit fa-tb-icon-fire\" aria-hidden=\"true\"><\/i>\n\t\t\t Camping-Ausr\u00fcstung: ein Tisch und St\u00fchle<\/li>\n\t\t\t\t\t\t\t\t\t\t\t\t\t\t\t<li>\t\t\t\t<i class=\"icon fa-regular fa-plate-utensils\" aria-hidden=\"true\"><\/i>\n\t\t\t Kochmaterial: Gaskocher, Pfanne, Utensilien<\/li>\n\t\t\t\t\t\t\t\t\t\t\t\t\t\t\t<li>\t\t\t\t<i class=\"icon fa-solid fa-user-group\" aria-hidden=\"true\"><\/i>\n\t\t\t Briefing von unseren Rangern auf Deutsch<\/li>\n\t\t\t\t\t\t\t\t\t\t\t\t\t\t\t<li>\t\t\t\t<i class=\"icon fa-solid fa-phone\" aria-hidden=\"true\"><\/i>\n\t\t\t Unterst\u00fctzung w\u00e4hrend deiner Rundreise<\/li>\n\t\t\t\t\t\t\t\t\t\t\t\t\t<\/ul>\n\t\t\t\t\t\t\t\t\t\t<div class=\"tb-buttons-part\">\n\t\t\t\t\t\t\t\t\t\t\t\t\t\t\t\t\t<\/div>\n\t\t\t\t<\/div>\n\t\t\t<\/div>\n\t\t\t<div class=\"tb-column\">\n\t\t\t\t\t\t\t\t\t\t\t\t\t\t\t<div class=\"tb-image-part\">\n\t\t\t\t\t\t\t<img src='https:\/\/icen.travelblox.eu\/wp-content\/uploads\/sites\/114\/2025\/12\/ICEN26_WebsitePictures-Grande-768x512.jpeg' width='768' height='512' alt='L&#039;Islande en van' loading='lazy' image_size='medium_large'>\t\t\t\t\t\t<\/div>\n\t\t\t\t\t\t\t\t\t\t\t\t<\/div>\n\t\t<\/div>\n\t<\/div>\n<\/div>\n\n\n<div class=\"tb-textimage2 tb-block align-left background-light pattern-default variant-text_first tb-collapsible-margins\" id=\"features\">\n\t<div class=\"inner-block tb-fade-in\">\n\n\t\t\n\t\t<div class=\"tb-columns\">\n\t\t\t<div class=\"tb-column\">\n\t\t\t\t<div class=\"tb-text-part\">\n\t\t\t\t\t<h2>Eigenschaften des Campervans<\/h2>\n\t\t\t\t\t\t\t<div class=\"translation-block\"><\/div>\n\t\t\t\t\t\t\t\t\t\t\t\t<ul class=\"icon-list\">\n\t\t\t\t\t\t\t\t\t\t\t\t\t\t\t<li>\t\t\t\t<i class=\"icon fa-solid fa-van-shuttle\" aria-hidden=\"true\"><\/i>\n\t\t\t Ein ger\u00e4umiger Fiat Scudo L3<\/li>\n\t\t\t\t\t\t\t\t\t\t\t\t\t\t\t<li>\t\t\t\t<i class=\"icon fa-solid fa-car-on\" aria-hidden=\"true\"><\/i>\n\t\t\t Manuelles oder automatisches Getriebe<\/li>\n\t\t\t\t\t\t\t\t\t\t\t\t\t\t\t<li>\t\t\t\t<i class=\"icon fa-solid fa-tv\" aria-hidden=\"true\"><\/i>\n\t\t\t Modernes Multimedia-Display (Car Play)<\/li>\n\t\t\t\t\t\t\t\t\t\t\t\t\t\t\t<li>\t\t\t\t<i class=\"icon fa-solid fa-road\" aria-hidden=\"true\"><\/i>\n\t\t\t R\u00fcckfahrkamera<\/li>\n\t\t\t\t\t\t\t\t\t\t\t\t\t\t\t<li>\t\t\t\t<i class=\"icon fa-solid fa-fire\" aria-hidden=\"true\"><\/i>\n\t\t\t Heizsystem<\/li>\n\t\t\t\t\t\t\t\t\t\t\t\t\t\t\t<li>\t\t\t\t<i class=\"icon fa-solid fa-circle-notch\" aria-hidden=\"true\"><\/i>\n\t\t\t Dachluke mit elektrischer Ventilation<\/li>\n\t\t\t\t\t\t\t\t\t\t\t\t\t\t\t<li>\t\t\t\t<i class=\"icon fa-solid fa-house-window\" aria-hidden=\"true\"><\/i>\n\t\t\t \u00d6ffnende Fenster<\/li>\n\t\t\t\t\t\t\t\t\t\t\t\t\t\t\t<li>\t\t\t\t<i class=\"icon fa-solid fa-sun\" aria-hidden=\"true\"><\/i>\n\t\t\t Verdunkelungsvorh\u00e4nge mit Magnetbefestigung<\/li>\n\t\t\t\t\t\t\t\t\t\t\t\t\t\t\t<li>\t\t\t\t<i class=\"icon fa-solid fa-bolt-lightning\" aria-hidden=\"true\"><\/i>\n\t\t\t LED-Beleuchtung und Leselampen<\/li>\n\t\t\t\t\t\t\t\t\t\t\t\t\t<\/ul>\n\t\t\t\t\t\t\t\t\t\t<div class=\"tb-buttons-part\">\n\t\t\t\t\t\t\t\t<a href=\"https:\/\/icelandnomads.com\/de\/\"  target=\"\" class=\"tb-button\">\n\t\t\tDeine Rundreise mit Campervan buchen\t\t<\/a>\n\t\t\t\t\t\t\t\t\t\t<a href=\"https:\/\/icen.travelblox.eu\/de\/4x4\/\"  target=\"\" class=\"tb-buttonlink\">\n\t\t\tEntdecke den 4x4 mit Dachzelt\t\t<\/a>\n\t\t\t\t\t\t\t<\/div>\n\t\t\t\t<\/div>\n\t\t\t<\/div>\n\t\t\t<div class=\"tb-column\">\n\t\t\t\t\t\t\t\t\t\t\t\t\t\t\t<div class=\"tb-image-part\">\n\t\t\t\t\t\t\t<img src='https:\/\/icen.travelblox.eu\/wp-content\/uploads\/sites\/114\/2025\/12\/ICEN26_WebsitePictures-1-Grande-768x512.jpeg' width='768' height='512' loading='lazy' image_size='medium_large'>\t\t\t\t\t\t<\/div>\n\t\t\t\t\t\t\t\t\t\t\t\t<\/div>\n\t\t<\/div>\n\t<\/div>\n<\/div>\n\n\n<div class=\"hide-some tb-faq tb-block align-center background-light pattern-none variant-none tb-collapsible-margins\" id=\"items\">\n\t<div class=\"inner-block tb-fade-in tb-fade-in--subtle\">\n\t\t<div class=\"text-part\">\n\t\t\t<h2>Inklusive Ausstattung<\/h2>\n\t\t\t\t\t<div class=\"translation-block\"><\/div>\n\t\t\t<\/div>\n\t<\/div>\n\t<div class=\"inner-block\">\n\n\t\t\t\t\t<div class=\"faq-list tb-accordion tb-accordion--animation\">\n\t\t\t\t\t\t\t\t\t<details class=\"details\">\n\t\t\t\t\t\t<summary class=\"summary\"><div>Kochutensilien<\/div><\/summary>\n\t\t\t\t\t\t<div class=\"content text-part\">\n\t\t\t\t\t\t\t\t\t<div class=\"translation-block\"><ul><li>Gaskocher + Flaschen<\/li><li>K\u00fchlschrank 28L<\/li><li>Sp\u00fcle mit flie\u00dfendem Wasser<\/li><li>Wassertank f\u00fcr sauberes Wasser 20L<\/li><li>Ausziehbarer Tisch nach au\u00dfen<\/li><li>Topf und Pfanne<\/li><li>Besteck und Kochutensilien<\/li><li>Teller, Sch\u00fcssel und Becher<\/li><li>Schneidebrett<\/li><\/ul><\/div>\n\t\t\t\t\t\t\t<\/div>\n\t\t\t\t\t<\/details>\n\t\t\t\t\t\t\t\t\t<details class=\"details\">\n\t\t\t\t\t\t<summary class=\"summary\"><div>Schlafbereich<\/div><\/summary>\n\t\t\t\t\t\t<div class=\"content text-part\">\n\t\t\t\t\t\t\t\t\t<div class=\"translation-block\"><ul><li>Doppelbett 140\u00d7200 cm mit bequemer Matratze<\/li><li>Decke<\/li><li>Kissen<\/li><li>Bettw\u00e4sche und Handtuch (falls Camping+ gebucht)<\/li><\/ul><\/div>\n\t\t\t\t\t\t\t<\/div>\n\t\t\t\t\t<\/details>\n\t\t\t\t\t\t\t\t\t<details class=\"details\">\n\t\t\t\t\t\t<summary class=\"summary\"><div>Elektrizit\u00e4t<\/div><\/summary>\n\t\t\t\t\t\t<div class=\"content text-part\">\n\t\t\t\t\t\t\t\t\t<div class=\"translation-block\"><ul><li>Lithium-Batterie 100 Ah, k\u00e4ltebest\u00e4ndig<\/li><li>Generator (Aufladung w\u00e4hrend der Fahrt)<\/li><li>220V-Steckdose im Inneren<\/li><li>USB-Ladeanschl\u00fcsse<\/li><li>12V-Ladeger\u00e4t &amp; Monitor<\/li><\/ul><\/div>\n\t\t\t\t\t\t\t<\/div>\n\t\t\t\t\t<\/details>\n\t\t\t\t\t\t\t\t\t<details class=\"details\">\n\t\t\t\t\t\t<summary class=\"summary\"><div>Au\u00dfenbereich<\/div><\/summary>\n\t\t\t\t\t\t<div class=\"content text-part\">\n\t\t\t\t\t\t\t\t\t<div class=\"translation-block\"><ul><li>Au\u00dfentisch<\/li><li>St\u00fchle<\/li><\/ul><\/div>\n\t\t\t\t\t\t\t<\/div>\n\t\t\t\t\t<\/details>\n\t\t\t\t\t\t\t<\/div>\n\t\t\t\t<div class=\"load-more-faqs-container\">\n\t\t\t<div class=\"load-more-faqs-link\">\n\t\t\t\t<a href=\"#\" class=\"tb-buttonlink-with-icon load-more\">\n\t\t\t\t\t<span>Weitere FAQs laden<\/span>\n\t\t\t\t\t<i class=\"icon fa fa-plus\"><\/i>\n\t\t\t\t<\/a>\n\t\t\t\t<a href=\"#\" class=\"tb-buttonlink-with-icon load-less\">\n\t\t\t\t\t<span>Weniger FAQs laden<\/span>\n\t\t\t\t\t<i class=\"icon fa fa-minus\"><\/i>\n\t\t\t\t<\/a>\n\t\t\t<\/div>\n\t\t<\/div>\n\t<\/div>\n\t<\/div>\n\n\n<div class=\"tb-colcompare tb-block align-center background-light pattern-none variant-cards tb-collapsible-margins\" id=\"colcompare\">\n\t<div class=\"inner-block tb-fade-in tb-fade-in--subtle\">\n\t\t<div class=\"text-part\">\n\t\t\t<h2>Die Innenraumgestaltung des Vans<\/h2>\n\t\t\t\t\t<div class=\"translation-block\"><\/div>\n\t\t\t<\/div>\n\t<\/div>\n\t\t\t\t\t<div class=\"inner-block-full-width has-tb-carousel tb-justified\" >\n\t\t\t<div class=\"tb-carousel-container\">\n\t\t\t\t<div class=\"entries tb-cards\" data-slider-first=\"1\">\n\t\t\t\t\t\t\t\t\t<div class=\"tb-card entry tb-fade-in tb-fade-in--subtle\">\n\t\t\t\t<div class=\"tb-image-part\">\n\t\t\t\t\t<img src='https:\/\/icen.travelblox.eu\/wp-content\/uploads\/sites\/114\/2025\/12\/1-768x512.jpg' width='768' height='512' loading='lazy' image_size='medium_large'>\t\t\t\t<\/div>\n\t\t\t\t<div class=\"tb-card-content text-part\">\n\t\t\t\t\t<h5> So sieht der Van am Tag aus<\/h5>\n\t\t\t\t\t\t\t<div class=\"translation-block\"><p><strong>Tags\u00fcber<\/strong> verwandelt sich das Bett in eine bequeme Sitzbank. Mach es dir mit einem Buch gem\u00fctlich, plane deine Route oder genie\u00dfe einfach die Aussicht durch die gro\u00dfen Fenster.<\/p><\/div>\n\t\t\t\t\t\t<div class=\"tb-buttons-part\">\n\t\t\t\t\t\t\t\t\t\t\t<\/div>\n\t\t\t\t<\/div>\n\t\t\t<\/div>\n\t\t\t\t\t<div class=\"tb-card entry tb-fade-in tb-fade-in--subtle\">\n\t\t\t\t<div class=\"tb-image-part\">\n\t\t\t\t\t<img src='https:\/\/icen.travelblox.eu\/wp-content\/uploads\/sites\/114\/2025\/12\/6a189060-aae2-4c35-b749-e1f15a7cb787-Grande-768x428.jpeg' width='768' height='428' alt='Le tour de l&#039;Islande en van am\u00e9nag\u00e9' style='object-position:50% 50%' loading='lazy' image_size='medium_large'>\t\t\t\t<\/div>\n\t\t\t\t<div class=\"tb-card-content text-part\">\n\t\t\t\t\t<h5> So sieht der Van in der Nacht aus<\/h5>\n\t\t\t\t\t\t\t<div class=\"translation-block\"><p><strong>Abends<\/strong> gen\u00fcgt ein Handgriff: Einfach den Bettrahmen verschieben und schon hast du dein gro\u00dfes Doppelbett von 140 \u00d7 200 cm wieder bereit. Das Heizsystem sorgt daf\u00fcr, dass es im Inneren gem\u00fctlich warm bleibt.<\/p><\/div>\n\t\t\t\t\t\t<div class=\"tb-buttons-part\">\n\t\t\t\t\t\t\t\t\t\t\t<\/div>\n\t\t\t\t<\/div>\n\t\t\t<\/div>\n\t\t\t\t\t\t\t\t<\/div>\n\t\t\t\t\t\t<div class=\"tb-carousel-nav\">\n\t\t\t<div class=\"dots\">\n\t\t\t\t<div class=\"dot active\"><\/div>\n\t\t\t\t<div class=\"dot\"><\/div>\n\t\t\t\t<div class=\"dot\"><\/div>\n\t\t\t<\/div>\n\t\t\t<div class=\"arrows\">\n\t\t\t\t<div class=\"prev disabled\">\n\t\t\t\t\t<span><i class=\"fa fa-chevron-left\"><\/i><\/span>\n\t\t\t\t<\/div>\n\t\t\t\t<div class=\"next\">\n\t\t\t\t\t<span><i class=\"fa fa-chevron-right\"><\/i><\/span>\n\t\t\t\t<\/div>\n\t\t\t<\/div>\n\t\t<\/div>\n\t\t\t\t<\/div>\n\t\t<\/div>\n\t\t\t\t\t<div class=\"inner-block\">\n\t\t\t<div class=\"text-part\">\n\t\t\t\t\t\t<div class=\"translation-block\"><\/div>\n\t\t\t\t\t<div class=\"tb-buttons-part\">\n\t\t\t\t\t\t\t<a href=\"https:\/\/icelandnomads.com\/de\/#join\"  target=\"\" class=\"tb-button\">\n\t\t\tNach Island im Campervan\t\t<\/a>\n\t\t\t\t\t\t<\/div>\n\t\t\t<\/div>\n\t\t<\/div>\n\t<\/div>\n\n\n\n<div class=\"tb-quoteparallax tb-block align-center background-dark pattern-none variant-text_on_image\" id=\"quoteparallax-1\" style=\"background-image: url('https:\/\/travelbase.eu\/frontend_src\/tb20\/dist\/assets\/img\/header-home-2022.jpg');\">\n\t\t<div class=\"inner-block tb-fade-in tb-fade-in--subtle\">\n\t\t\t\t\t<div class=\"text-part\">\n\t\t\t\t<h2>Dachzelt oder Campervan?<\/h2>\n\t\t\t\t\t\t<div class=\"translation-block\"><p>Du bist dir noch unsicher zwischen den beiden?<br><br>Entdecke unseren Blogartikel, der dir bei deiner Entscheidung hilft!<\/p><\/div>\n\t\t\t\t\t\t\t\t\t\t<div class=\"tb-buttons-part\">\n\t\t\t\t\t\t\t\t<a href=\"https:\/\/icen.travelblox.eu\/de\/rundreise-island-dachzelt-oder-van-was-solltest-du-wahlen\/\"  target=\"_blank\" class=\"tb-button\">\n\t\t\tDen Artikel lesen\t\t<\/a>\n\t\t\t\t\t\t\t\t\t\t\t\t\t<\/div>\n\t\t\t\t\t\t\t<\/div>\n\t\t\t\t\t<\/div>\n<\/div>\n\n\n\n<div class=\"hide-some tb-faq tb-block align-center background-light pattern-none variant-none tb-collapsible-margins\" id=\"faq\">\n\t<div class=\"inner-block tb-fade-in tb-fade-in--subtle\">\n\t\t<div class=\"text-part\">\n\t\t\t<h2>FAQ<\/h2>\n\t\t\t\t\t<div class=\"translation-block\"><\/div>\n\t\t\t<\/div>\n\t<\/div>\n\t<div class=\"inner-block\">\n\n\t\t\t\t\t<div class=\"faq-list tb-accordion tb-accordion--animation two-col\">\n\t\t\t\t\t\t\t\t\t<details class=\"details\">\n\t\t\t\t\t\t<summary class=\"summary\"><div>Kann ich den Campervan mit einem klassischen B-F\u00fchrerschein fahren?<\/div><\/summary>\n\t\t\t\t\t\t<div class=\"content text-part\">\n\t\t\t\t\t\t\t\t\t<div class=\"translation-block\"><p>Ja, den Campervan kann mit einem Standard-B-F\u00fchrerschein gefahren werden.<\/p><\/div>\n\t\t\t\t\t\t\t<\/div>\n\t\t\t\t\t<\/details>\n\t\t\t\t\t\t\t\t\t<details class=\"details\">\n\t\t\t\t\t\t<summary class=\"summary\"><div>Wie funktioniert das Laden der Batterie?<\/div><\/summary>\n\t\t\t\t\t\t<div class=\"content text-part\">\n\t\t\t\t\t\t\t\t\t<div class=\"translation-block\"><p>Die Batterie l\u00e4dt sich w\u00e4hrend der Fahrt automatisch \u00fcber den Generator auf. Au\u00dferdem kannst du den Campervan an eine Campingsteckdose anschlie\u00dfen, um deine Ger\u00e4te zu laden oder sie direkt mit Strom zu versorgen.<\/p><\/div>\n\t\t\t\t\t\t\t<\/div>\n\t\t\t\t\t<\/details>\n\t\t\t\t\t\t\t\t\t<details class=\"details\">\n\t\t\t\t\t\t<summary class=\"summary\"><div>Verbraucht das Heizsystem viel Energie?<\/div><\/summary>\n\t\t\t\t\t\t<div class=\"content text-part\">\n\t\t\t\t\t\t\t\t\t<div class=\"translation-block\"><p>Das System ist auf Effizienz ausgelegt. In Kombination mit dem Laden w\u00e4hrend der Fahrt und dem Campingstromanschluss hast du jederzeit genug Energie f\u00fcr gem\u00fctliche N\u00e4chte.<\/p><\/div>\n\t\t\t\t\t\t\t<\/div>\n\t\t\t\t\t<\/details>\n\t\t\t\t\t\t\t\t\t<details class=\"details\">\n\t\t\t\t\t\t<summary class=\"summary\"><div>Kann ich im Campervan kochen?<\/div><\/summary>\n\t\t\t\t\t\t<div class=\"content text-part\">\n\t\t\t\t\t\t\t\t\t<div class=\"translation-block\"><p>Nein, aus Sicherheitsgr\u00fcnden wird nicht im Campervan gekocht. Die K\u00fcche befindet sich drau\u00dfen: Der Van ist mit einem ausziehbaren Tisch ausgestattet, auf dem du deinen Gaskocher aufstellen kannst, um im Freien zu kochen.<\/p><\/div>\n\t\t\t\t\t\t\t<\/div>\n\t\t\t\t\t<\/details>\n\t\t\t\t\t\t\t\t\t<details class=\"details\">\n\t\t\t\t\t\t<summary class=\"summary\"><div>Wie viele Personen k\u00f6nnen im Campervan schlafen?<\/div><\/summary>\n\t\t\t\t\t\t<div class=\"content text-part\">\n\t\t\t\t\t\t\t\t\t<div class=\"translation-block\"><p>Der Campervan ist f\u00fcr zwei Personen konzipiert und verf\u00fcgt \u00fcber ein gro\u00dfes, komfortables Doppelbett.<\/p><\/div>\n\t\t\t\t\t\t\t<\/div>\n\t\t\t\t\t<\/details>\n\t\t\t\t\t\t\t\t\t<details class=\"details\">\n\t\t\t\t\t\t<summary class=\"summary\"><div>Was ist der Unterschied zwischen einem Campervan und einem 4x4 mit Dachzelt?<\/div><\/summary>\n\t\t\t\t\t\t<div class=\"content text-part\">\n\t\t\t\t\t\t\t\t\t<div class=\"translation-block\"><p>Der Van bietet mehr Innenraum und Komfort mit einem Bett, das ohne Aussteigen aus dem Fahrzeug zug\u00e4nglich ist. Der 4x4 mit Dachzelt ist kompakter und gibt Ihnen Zugang zu einigen schwierigeren Pisten. Beide Optionen sind perfekt, um Island zu erkunden, es ist eine Frage der pers\u00f6nlichen Vorliebe! Wir haben au\u00dferdem <a href=\"https:\/\/icelandnomads.com\/fr\/que-choisir-un-road-trip-en-islande-en-tente-de-toit-ou-un-road-trip-en-islande-en-van-amenage\/\">einen ausf\u00fchrlichen Blogartikel<\/a> geschrieben, um Ihnen bei Ihrer Entscheidung zu helfen.<\/p><\/div>\n\t\t\t\t\t\t\t<\/div>\n\t\t\t\t\t<\/details>\n\t\t\t\t\t\t\t<\/div>\n\t\t\t\t<div class=\"load-more-faqs-container\">\n\t\t\t<div class=\"load-more-faqs-link\">\n\t\t\t\t<a href=\"#\" class=\"tb-buttonlink-with-icon load-more\">\n\t\t\t\t\t<span>Weitere FAQs laden<\/span>\n\t\t\t\t\t<i class=\"icon fa fa-plus\"><\/i>\n\t\t\t\t<\/a>\n\t\t\t\t<a href=\"#\" class=\"tb-buttonlink-with-icon load-less\">\n\t\t\t\t\t<span>Weniger FAQs laden<\/span>\n\t\t\t\t\t<i class=\"icon fa fa-minus\"><\/i>\n\t\t\t\t<\/a>\n\t\t\t<\/div>\n\t\t<\/div>\n\t<\/div>\n\t<\/div>","protected":false},"excerpt":{"rendered":"","protected":false},"author":159,"featured_media":1844,"parent":0,"menu_order":0,"comment_status":"closed","ping_status":"closed","template":"","meta":{"_acf_changed":false,"inline_featured_image":false,"footnotes":""},"class_list":["post-2000","page","type-page","status-publish","has-post-thumbnail","hentry"],"acf":{"page_package_ids":"","is_main_package_page":false,"additional_linked_packages":[],"feed_page_to_atlas":true},"_links":{"self":[{"href":"https:\/\/icen.travelblox.eu\/de\/wp-json\/wp\/v2\/pages\/2000","targetHints":{"allow":["GET"]}}],"collection":[{"href":"https:\/\/icen.travelblox.eu\/de\/wp-json\/wp\/v2\/pages"}],"about":[{"href":"https:\/\/icen.travelblox.eu\/de\/wp-json\/wp\/v2\/types\/page"}],"author":[{"embeddable":true,"href":"https:\/\/icen.travelblox.eu\/de\/wp-json\/wp\/v2\/users\/159"}],"replies":[{"embeddable":true,"href":"https:\/\/icen.travelblox.eu\/de\/wp-json\/wp\/v2\/comments?post=2000"}],"version-history":[{"count":50,"href":"https:\/\/icen.travelblox.eu\/de\/wp-json\/wp\/v2\/pages\/2000\/revisions"}],"predecessor-version":[{"id":2626,"href":"https:\/\/icen.travelblox.eu\/de\/wp-json\/wp\/v2\/pages\/2000\/revisions\/2626"}],"wp:featuredmedia":[{"embeddable":true,"href":"https:\/\/icen.travelblox.eu\/de\/wp-json\/wp\/v2\/media\/1844"}],"wp:attachment":[{"href":"https:\/\/icen.travelblox.eu\/de\/wp-json\/wp\/v2\/media?parent=2000"}],"curies":[{"name":"wp","href":"https:\/\/api.w.org\/{rel}","templated":true}]}}